{"id":76303,"date":"2020-10-23T13:25:01","date_gmt":"2020-10-23T11:25:01","guid":{"rendered":"https:\/\/www.fundacionnaturgy.org\/?post_type=product&#038;p=76303&#038;lang=ca"},"modified":"2021-01-21T10:33:32","modified_gmt":"2021-01-21T09:33:32","slug":"carbon-pricing-principals-exits-a-europa-i-opcions-per-a-una-descarbonitzacio-profunda","status":"publish","type":"product","link":"https:\/\/www.fundacionnaturgy.org\/ca\/publicacion\/carbon-pricing-principals-exits-a-europa-i-opcions-per-a-una-descarbonitzacio-profunda\/","title":{"rendered":"Carbon pricing. Principals \u00e8xits a Europa i opcions per a una descarbonitzaci\u00f3 profunda"},"content":{"rendered":"<p>&#8220;El cost de les emissions de CO2 s&#8217;ha de revisar perqu\u00e8 la UE pugui complir amb els objectius de descarbonitzaci\u00f3 el 2050, i cal fer una reforma profunda de l&#8217;R\u00e8gim de Comer\u00e7 de Drets d&#8217;Emissi\u00f3 perqu\u00e8 sigui una eina efectiva.&#8221; Aquesta \u00e9s una de les principals conclusions de l&#8217;estudi &#8220;Carbon pricing. Principals \u00e8xits a Europa i opcions per a una descarbonitzaci\u00f3 profunda &#8220;, publicat per Fundaci\u00f3 Naturgy i el Cap\u00edtol Espanyol del Club de Roma. L&#8217;informe, elaborat per Compass Lexecon, analitza l&#8217;experi\u00e8ncia acumulada a Europa des de la creaci\u00f3 de l&#8217;R\u00e8gim de Comer\u00e7 de Drets d&#8217;Emissi\u00f3, el 2005, i planteja possibles reformes d&#8217;aquest mercat per tal de complir amb l&#8217;European Green Deal, que ha elevat de l&#8217;40% a l&#8217;55% la reducci\u00f3 de les emissions el 2030. No et perdis el v\u00eddeo resum!<\/p>\n","protected":false},"excerpt":{"rendered":"<p>&#8220;El cost de les emissions de CO2 s&#8217;ha de revisar perqu\u00e8 la UE pugui complir amb els objectius de descarbonitzaci\u00f3 el 2050, i cal fer una reforma profunda de l&#8217;R\u00e8gim de Comer\u00e7 de Drets d&#8217;Emissi\u00f3 perqu\u00e8 sigui una eina efectiva.&#8221; Aquesta \u00e9s una de les principals conclusions de l&#8217;estudi &#8220;<strong>Carbon pricing. Principals \u00e8xits a Europa i opcions per a una descarbonitzaci\u00f3 profunda<\/strong> &#8220;, publicat per <strong>Fundaci\u00f3 Naturgy<\/strong> i el <strong>Cap\u00edtol Espanyol del Club de Roma. <\/strong><\/p>\n<p>L&#8217;informe, elaborat per Compass Lexecon, analitza l&#8217;experi\u00e8ncia acumulada a Europa des de la creaci\u00f3 de l&#8217;R\u00e8gim de Comer\u00e7 de Drets d&#8217;Emissi\u00f3, el 2005, i planteja possibles reformes d&#8217;aquest mercat per tal de complir amb l&#8217;European Green Deal, que ha elevat de l&#8217;40% a l&#8217;55% la reducci\u00f3 de les emissions el 2030.<\/p>\n<p style=\"text-align: center;\">No et perdis el v\u00eddeo resum!<\/p>\n<p><a href=\"https:\/\/www.youtube.com\/watch?v=5pQ9vXseVHg&amp;feature=youtu.be\"><img loading=\"lazy\" class=\"wp-image-76304 aligncenter\" src=\"https:\/\/www.fundacionnaturgy.org\/wp-content\/uploads\/2020\/10\/20202023_carbon_pricing_video-1-1.png\" alt=\"20202023_carbon_pricing_video-1\" width=\"568\" height=\"414\" srcset=\"https:\/\/www.fundacionnaturgy.org\/wp-content\/uploads\/2020\/10\/20202023_carbon_pricing_video-1-1-300x220.png 300w, https:\/\/www.fundacionnaturgy.org\/wp-content\/uploads\/2020\/10\/20202023_carbon_pricing_video-1-1-191x140.png 191w\" sizes=\"(max-width: 568px) 100vw, 568px\" \/><\/a><\/p>\n<p>&nbsp;<\/p>\n<p>&nbsp;<\/p>\n<p>&nbsp;<\/p>\n<p>&nbsp;<\/p>\n<p>&nbsp;<\/p>\n<p>&nbsp;<\/p>\n<p>&nbsp;<\/p>\n<p>&nbsp;<\/p>\n<p>&nbsp;<\/p>\n<p>&nbsp;<\/p>\n<p>&nbsp;<\/p>\n<p>&nbsp;<\/p>\n","protected":false},"featured_media":75736,"template":"","meta":{"inline_featured_image":false},"categories":[1208],"content-type":[1166,1169],"product_tag":[],"acf":[],"post_class":["post-76303","product","type-product","status-publish","has-post-thumbnail","hentry","category-transicio-energetica","content-type-articles-e-informes","content-type-videos","wordpress-sticky"],"_links":{"self":[{"href":"https:\/\/www.fundacionnaturgy.org\/ca\/wp-json\/wp\/v2\/product\/76303"}],"collection":[{"href":"https:\/\/www.fundacionnaturgy.org\/ca\/wp-json\/wp\/v2\/product"}],"about":[{"href":"https:\/\/www.fundacionnaturgy.org\/ca\/wp-json\/wp\/v2\/types\/product"}],"wp:featuredmedia":[{"embeddable":true,"href":"https:\/\/www.fundacionnaturgy.org\/ca\/wp-json\/wp\/v2\/media\/75736"}],"wp:attachment":[{"href":"https:\/\/www.fundacionnaturgy.org\/ca\/wp-json\/wp\/v2\/media?parent=76303"}],"wp:term":[{"taxonomy":"category","embeddable":true,"href":"https:\/\/www.fundacionnaturgy.org\/ca\/wp-json\/wp\/v2\/categories?post=76303"},{"taxonomy":"content-type","embeddable":true,"href":"https:\/\/www.fundacionnaturgy.org\/ca\/wp-json\/wp\/v2\/content-type?post=76303"},{"taxonomy":"product_tag","embeddable":true,"href":"https:\/\/www.fundacionnaturgy.org\/ca\/wp-json\/wp\/v2\/product_tag?post=76303"}],"curies":[{"name":"wp","href":"https:\/\/api.w.org\/{rel}","templated":true}]}}