{"id":76330,"date":"2020-11-13T10:16:49","date_gmt":"2020-11-13T09:16:49","guid":{"rendered":"https:\/\/www.fundacionnaturgy.org\/?post_type=product&#038;p=76330&#038;lang=ca"},"modified":"2021-01-19T17:16:27","modified_gmt":"2021-01-19T16:16:27","slug":"el-gas-natural-a-la-industria","status":"publish","type":"product","link":"https:\/\/www.fundacionnaturgy.org\/ca\/publicacion\/el-gas-natural-a-la-industria\/","title":{"rendered":"El gas natural a la ind\u00fastria"},"content":{"rendered":"<p>La cogeneraci\u00f3 estalvia energia i evita emissions a l&#8217;atmosfera, sent un factor de competitivitat rellevant per a la ind\u00fastria espanyola. Perqu\u00e8 segueixi contribuint als objectius de l&#8217;Pacte Verd Europeu, cal que es desenvolupin plans per incentivar la renovaci\u00f3 de les instal\u00b7lacions existents. \u00c9s una de les afirmacions de l&#8217;informe El gas natural a la ind\u00fastria, elaborat per Llotges Tecnologia, SA i publicat per la Fundaci\u00f3 Naturgy. El document analitza la important participaci\u00f3 de gas natural al sector de la ind\u00fastria i la seva rellev\u00e0ncia en el subministrament de l&#8217;energia necess\u00e0ria tant per als seus processos com per a la generaci\u00f3 d&#8217;electricitat, contribuint a l&#8217;acompliment dels objectius europeus de reducci\u00f3 de gasos d&#8217;efecte hivernacle ia una major efici\u00e8ncia energ\u00e8tica. Per tot aix\u00f2, l&#8217;informe considera que, donada la seva rellev\u00e0ncia no nom\u00e9s pel que fa a consum d&#8217;energia sin\u00f3 tamb\u00e9 pel que fa a generaci\u00f3 de riquesa i ocupaci\u00f3, el sector industrial ha de ser tingut en consideraci\u00f3 de manera acurada a l&#8217;hora d&#8217;establir estrat\u00e8gies de reducci\u00f3 d&#8217;emissions. No et perdis el v\u00eddeo resum!<\/p>\n","protected":false},"excerpt":{"rendered":"<p>La cogeneraci\u00f3 estalvia energia i evita emissions a l&#8217;atmosfera, sent un factor de competitivitat rellevant per a la ind\u00fastria espanyola.<\/p>\n<p>Perqu\u00e8 segueixi contribuint als objectius de l&#8217;Pacte Verd Europeu, cal que es desenvolupin plans per incentivar la renovaci\u00f3 de les instal\u00b7lacions existents.<\/p>\n<p>\u00c9s una de les afirmacions de l&#8217;informe <strong>El gas natural a la ind\u00fastria<\/strong>, elaborat per <strong>Llotges Tecnologia, SA<\/strong> i publicat per la Fundaci\u00f3 Naturgy.<\/p>\n<p>El document analitza la important participaci\u00f3 de gas natural al sector de la ind\u00fastria i la seva rellev\u00e0ncia en el subministrament de l&#8217;energia necess\u00e0ria tant per als seus processos com per a la generaci\u00f3 d&#8217;electricitat, contribuint a l&#8217;acompliment dels objectius europeus de reducci\u00f3 de gasos d&#8217;efecte hivernacle ia una major efici\u00e8ncia energ\u00e8tica.<\/p>\n<p>Per tot aix\u00f2, l&#8217;informe considera que, donada la seva rellev\u00e0ncia no nom\u00e9s pel que fa a consum d&#8217;energia sin\u00f3 tamb\u00e9 pel que fa a generaci\u00f3 de riquesa i ocupaci\u00f3, el sector industrial ha de ser tingut en consideraci\u00f3 de manera acurada a l&#8217;hora d&#8217;establir estrat\u00e8gies de reducci\u00f3 d&#8217;emissions.<\/p>\n<p style=\"text-align: center;\"><strong>No et perdis el v\u00eddeo resum!<\/strong><\/p>\n<p style=\"text-align: center;\"><a href=\"https:\/\/youtu.be\/tNLIEzeUAOQ\"><img loading=\"lazy\" class=\"wp-image-76359\" src=\"https:\/\/www.fundacionnaturgy.org\/wp-content\/uploads\/2020\/11\/captura-1-e1607686503699.png\" width=\"479\" height=\"260\" srcset=\"https:\/\/www.fundacionnaturgy.org\/wp-content\/uploads\/2020\/11\/captura-1-e1607686503699.png 363w, https:\/\/www.fundacionnaturgy.org\/wp-content\/uploads\/2020\/11\/captura-1-e1607686503699-300x163.png 300w, https:\/\/www.fundacionnaturgy.org\/wp-content\/uploads\/2020\/11\/captura-1-e1607686503699-258x140.png 258w\" sizes=\"(max-width: 479px) 100vw, 479px\" \/><\/a><\/p>\n<p style=\"text-align: center;\">\n<p>&nbsp;<\/p>\n<p>&nbsp;<\/p>\n<p>&nbsp;<\/p>\n<p>&nbsp;<\/p>\n<p>&nbsp;<\/p>\n<p>&nbsp;<\/p>\n<p>&nbsp;<\/p>\n<p>&nbsp;<\/p>\n<p>&nbsp;<\/p>\n<p>&nbsp;<\/p>\n<p>&nbsp;<\/p>\n","protected":false},"featured_media":76317,"template":"","meta":{"inline_featured_image":false},"categories":[1202,1208],"content-type":[1166,1169],"product_tag":[],"acf":[],"post_class":["post-76330","product","type-product","status-publish","has-post-thumbnail","hentry","category-energies-renovables","category-transicio-energetica","content-type-articles-e-informes","content-type-videos","wordpress-sticky"],"_links":{"self":[{"href":"https:\/\/www.fundacionnaturgy.org\/ca\/wp-json\/wp\/v2\/product\/76330"}],"collection":[{"href":"https:\/\/www.fundacionnaturgy.org\/ca\/wp-json\/wp\/v2\/product"}],"about":[{"href":"https:\/\/www.fundacionnaturgy.org\/ca\/wp-json\/wp\/v2\/types\/product"}],"wp:featuredmedia":[{"embeddable":true,"href":"https:\/\/www.fundacionnaturgy.org\/ca\/wp-json\/wp\/v2\/media\/76317"}],"wp:attachment":[{"href":"https:\/\/www.fundacionnaturgy.org\/ca\/wp-json\/wp\/v2\/media?parent=76330"}],"wp:term":[{"taxonomy":"category","embeddable":true,"href":"https:\/\/www.fundacionnaturgy.org\/ca\/wp-json\/wp\/v2\/categories?post=76330"},{"taxonomy":"content-type","embeddable":true,"href":"https:\/\/www.fundacionnaturgy.org\/ca\/wp-json\/wp\/v2\/content-type?post=76330"},{"taxonomy":"product_tag","embeddable":true,"href":"https:\/\/www.fundacionnaturgy.org\/ca\/wp-json\/wp\/v2\/product_tag?post=76330"}],"curies":[{"name":"wp","href":"https:\/\/api.w.org\/{rel}","templated":true}]}}