{"id":76521,"date":"2020-11-30T11:23:20","date_gmt":"2020-11-30T10:23:20","guid":{"rendered":"https:\/\/www.fundacionnaturgy.org\/?post_type=product&#038;p=76521&#038;lang=ca"},"modified":"2020-12-21T11:42:09","modified_gmt":"2020-12-21T10:42:09","slug":"situacio-economicofinancera-de-les-principals-empreses-de-lsector-electric-a-espanya","status":"publish","type":"product","link":"https:\/\/www.fundacionnaturgy.org\/ca\/publicacion\/situacio-economicofinancera-de-les-principals-empreses-de-lsector-electric-a-espanya\/","title":{"rendered":"Situaci\u00f3 economicofinancera de les principals empreses de l&#8217;Sector El\u00e8ctric a Espanya 2017-2019"},"content":{"rendered":null,"protected":false},"excerpt":{"rendered":"<p>La <strong>Fundaci\u00f3 Naturgy<\/strong> presenta un nou estudi sobre la &#8220;<strong>Situaci\u00f3 economicofinancera de les principals empreses de l&#8217;Sector El\u00e8ctric a Espanya\u00a02017-2019<\/strong>&#8220;, realitzat per <strong>Deloitte.<\/strong><\/p>\n<p>Aquest estudi pret\u00e9n aportar informaci\u00f3 contrastable de la situaci\u00f3 economicofinancera de l&#8217;Sector El\u00e8ctric a Espanya, entenent aquest com l&#8217;agrupaci\u00f3 de les activitats de generaci\u00f3, comercialitzaci\u00f3 i distribuci\u00f3 el\u00e8ctrica.<\/p>\n","protected":false},"featured_media":76617,"template":"","meta":{"inline_featured_image":false},"categories":[1204,1208],"content-type":[1166],"product_tag":[],"acf":[],"post_class":["post-76521","product","type-product","status-publish","has-post-thumbnail","hentry","category-innovacio-tecnologica","category-transicio-energetica","content-type-articles-e-informes","wordpress-sticky"],"_links":{"self":[{"href":"https:\/\/www.fundacionnaturgy.org\/ca\/wp-json\/wp\/v2\/product\/76521"}],"collection":[{"href":"https:\/\/www.fundacionnaturgy.org\/ca\/wp-json\/wp\/v2\/product"}],"about":[{"href":"https:\/\/www.fundacionnaturgy.org\/ca\/wp-json\/wp\/v2\/types\/product"}],"wp:featuredmedia":[{"embeddable":true,"href":"https:\/\/www.fundacionnaturgy.org\/ca\/wp-json\/wp\/v2\/media\/76617"}],"wp:attachment":[{"href":"https:\/\/www.fundacionnaturgy.org\/ca\/wp-json\/wp\/v2\/media?parent=76521"}],"wp:term":[{"taxonomy":"category","embeddable":true,"href":"https:\/\/www.fundacionnaturgy.org\/ca\/wp-json\/wp\/v2\/categories?post=76521"},{"taxonomy":"content-type","embeddable":true,"href":"https:\/\/www.fundacionnaturgy.org\/ca\/wp-json\/wp\/v2\/content-type?post=76521"},{"taxonomy":"product_tag","embeddable":true,"href":"https:\/\/www.fundacionnaturgy.org\/ca\/wp-json\/wp\/v2\/product_tag?post=76521"}],"curies":[{"name":"wp","href":"https:\/\/api.w.org\/{rel}","templated":true}]}}