{"id":76655,"date":"2020-12-03T13:16:32","date_gmt":"2020-12-03T12:16:32","guid":{"rendered":"https:\/\/www.fundacionnaturgy.org\/?post_type=product&#038;p=76655&#038;lang=ca"},"modified":"2020-12-14T10:20:57","modified_gmt":"2020-12-14T09:20:57","slug":"76655","status":"publish","type":"product","link":"https:\/\/www.fundacionnaturgy.org\/ca\/publicacion\/76655\/","title":{"rendered":"Mesures contra la pobresa energ\u00e8tica a Europa"},"content":{"rendered":null,"protected":false},"excerpt":{"rendered":"<p id=\"tw-target-text\" class=\"tw-data-text tw-text-large XcVN5d tw-ta\" dir=\"ltr\" data-placeholder=\"Traducci\u00f3n\"><span lang=\"ca\">El llibre sobre &#8220;<strong>Pobresa energ\u00e8tica a Europa. Una an\u00e0lisi comparativa<\/strong>&#8220;, analitza les pol\u00edtiques implantades a Alemanya, Fran\u00e7a, Regne Unit, Portugal i Espanya, i ofereix recomanacions per seguir prenent decisions efectives en la lluita contra la vulnerabilitat. <\/span><\/p>\n<p class=\"tw-data-text tw-text-large XcVN5d tw-ta\" dir=\"ltr\" data-placeholder=\"Traducci\u00f3n\"><span lang=\"ca\">Aquesta nova publicaci\u00f3 editada per la Fundaci\u00f3 Naturgy ha estat elaborada per la C\u00e0tedra de Sostenibilitat Energ\u00e8tica de l&#8217;<strong>IEB<\/strong><strong>-Universitat de Barcelona<\/strong> i dirigida per la catedr\u00e0tica <strong>Mar\u00eda Teresa Costa.<\/strong><\/span><\/p>\n<h4 class=\"tw-data-text tw-text-large XcVN5d tw-ta\" dir=\"ltr\" data-placeholder=\"Traducci\u00f3n\">Veure\u00a0video\u00a0resum:<\/h4>\n<p><a href=\"https:\/\/www.fundacionnaturgy.org\/wp-content\/uploads\/2020\/12\/captura-e1607073631459.png\"><img loading=\"lazy\" class=\"wp-image-76675 alignleft\" src=\"https:\/\/www.fundacionnaturgy.org\/wp-content\/uploads\/2020\/12\/captura-e1607073631459.png\" width=\"535\" height=\"287\" srcset=\"https:\/\/www.fundacionnaturgy.org\/wp-content\/uploads\/2020\/12\/captura-e1607073631459.png 758w, https:\/\/www.fundacionnaturgy.org\/wp-content\/uploads\/2020\/12\/captura-e1607073631459-300x161.png 300w, https:\/\/www.fundacionnaturgy.org\/wp-content\/uploads\/2020\/12\/captura-e1607073631459-260x140.png 260w\" sizes=\"(max-width: 535px) 100vw, 535px\" \/><\/a><\/p>\n<p>&nbsp;<\/p>\n<p>&nbsp;<\/p>\n<p>&nbsp;<\/p>\n<p>&nbsp;<\/p>\n<p>&nbsp;<\/p>\n<p>&nbsp;<\/p>\n<p>&nbsp;<\/p>\n<p>&nbsp;<\/p>\n<h4>Veure\u00a0webinar:<\/h4>\n<p><a href=\"https:\/\/youtu.be\/s6D6uFF8l8A\"><img loading=\"lazy\" class=\" wp-image-76997 alignleft\" src=\"https:\/\/www.fundacionnaturgy.org\/wp-content\/uploads\/2020\/12\/captura-1.png\" alt=\"Captura\" width=\"644\" height=\"323\" srcset=\"https:\/\/www.fundacionnaturgy.org\/wp-content\/uploads\/2020\/12\/captura-1.png 898w, https:\/\/www.fundacionnaturgy.org\/wp-content\/uploads\/2020\/12\/captura-1-300x151.png 300w, https:\/\/www.fundacionnaturgy.org\/wp-content\/uploads\/2020\/12\/captura-1-768x386.png 768w, https:\/\/www.fundacionnaturgy.org\/wp-content\/uploads\/2020\/12\/captura-1-260x131.png 260w\" sizes=\"(max-width: 644px) 100vw, 644px\" \/><\/a><\/p>\n<p>&nbsp;<\/p>\n<p>&nbsp;<\/p>\n","protected":false},"featured_media":76631,"template":"","meta":{"inline_featured_image":false},"categories":[1200,1209],"content-type":[1168,1169],"product_tag":[],"acf":[],"post_class":["post-76655","product","type-product","status-publish","has-post-thumbnail","hentry","category-eficiencia-energetica-ca","category-vulnerabilitat-energetica","content-type-llibres","content-type-videos","wordpress-sticky"],"_links":{"self":[{"href":"https:\/\/www.fundacionnaturgy.org\/ca\/wp-json\/wp\/v2\/product\/76655"}],"collection":[{"href":"https:\/\/www.fundacionnaturgy.org\/ca\/wp-json\/wp\/v2\/product"}],"about":[{"href":"https:\/\/www.fundacionnaturgy.org\/ca\/wp-json\/wp\/v2\/types\/product"}],"wp:featuredmedia":[{"embeddable":true,"href":"https:\/\/www.fundacionnaturgy.org\/ca\/wp-json\/wp\/v2\/media\/76631"}],"wp:attachment":[{"href":"https:\/\/www.fundacionnaturgy.org\/ca\/wp-json\/wp\/v2\/media?parent=76655"}],"wp:term":[{"taxonomy":"category","embeddable":true,"href":"https:\/\/www.fundacionnaturgy.org\/ca\/wp-json\/wp\/v2\/categories?post=76655"},{"taxonomy":"content-type","embeddable":true,"href":"https:\/\/www.fundacionnaturgy.org\/ca\/wp-json\/wp\/v2\/content-type?post=76655"},{"taxonomy":"product_tag","embeddable":true,"href":"https:\/\/www.fundacionnaturgy.org\/ca\/wp-json\/wp\/v2\/product_tag?post=76655"}],"curies":[{"name":"wp","href":"https:\/\/api.w.org\/{rel}","templated":true}]}}