{"id":77621,"date":"2021-01-25T17:45:31","date_gmt":"2021-01-25T16:45:31","guid":{"rendered":"https:\/\/www.fundacionnaturgy.org\/?post_type=product&#038;p=77621&#038;lang=ca"},"modified":"2021-02-22T14:28:39","modified_gmt":"2021-02-22T13:28:39","slug":"informe-iniciatives-i-models-de-negoci-per-a-la-rehabilitacio-dedificis-una-comparativa-global","status":"publish","type":"product","link":"https:\/\/www.fundacionnaturgy.org\/ca\/publicacion\/informe-iniciatives-i-models-de-negoci-per-a-la-rehabilitacio-dedificis-una-comparativa-global\/","title":{"rendered":"Iniciatives i models de negoci per a la rehabilitaci\u00f3 d&#8217;edificis. Una comparativa global"},"content":{"rendered":null,"protected":false},"excerpt":{"rendered":"<p>Els edificis s\u00f3n responsables del 40% de l&#8217;consum d&#8217;energia de la UE, del 36% de les emissions de CO<sub>2<\/sub> i del 55% del consum d&#8217;electricitat, de manera que \u00e9s un sector crucial per a la consecuci\u00f3 dels objectius europeus de reducci\u00f3 de les emissions i estalvi d&#8217;energia.<\/p>\n<p>Una de les principals conclusions de l&#8217;estudi Iniciatives i models de negoci per a la rehabilitaci\u00f3 d&#8217;edificis. Una comparativa global, per part dels autors <strong>Lucienne Krosse i Mikel <\/strong><strong>Lasa<\/strong><em> <strong>d&#8217;InnoEnergy<\/strong><\/em>.<\/p>\n<p>L&#8217;estudi publicat per Fundaci\u00f3 Naturgy ofereix una comparativa de les diferents iniciatives, models de negoci, experi\u00e8ncies i casos d&#8217;\u00e8xit de rehabilitaci\u00f3 d&#8217;edificis a nivell internacional. Aquesta visi\u00f3 global es basa en experi\u00e8ncies contrastades i t\u00e9 l&#8217;objectiu de proporcionar informaci\u00f3 sobre els obstacles, solucions i resultats concrets obtinguts.<\/p>\n<p style=\"text-align: center;\"><strong>Veure\u00a0v\u00eddeo\u00a0resum:\u00a0<\/strong><\/p>\n<p><a href=\"https:\/\/youtu.be\/0mNtvnf4wds\"><img loading=\"lazy\" class=\"aligncenter wp-image-77579 size-full\" src=\"https:\/\/www.fundacionnaturgy.org\/wp-content\/uploads\/2021\/01\/mailing_rehabilitacion_es-e1611593693843.jpg\" width=\"597\" height=\"327\" srcset=\"https:\/\/www.fundacionnaturgy.org\/wp-content\/uploads\/2021\/01\/mailing_rehabilitacion_es-e1611593693843.jpg 597w, https:\/\/www.fundacionnaturgy.org\/wp-content\/uploads\/2021\/01\/mailing_rehabilitacion_es-e1611593693843-300x164.jpg 300w, https:\/\/www.fundacionnaturgy.org\/wp-content\/uploads\/2021\/01\/mailing_rehabilitacion_es-e1611593693843-256x140.jpg 256w\" sizes=\"(max-width: 597px) 100vw, 597px\" \/><\/a><\/p>\n<p style=\"text-align: center;\">Veure\u00a0webinar:<a href=\"https:\/\/youtu.be\/KMJA8xryW84\" target=\"_blank\"><img loading=\"lazy\" class=\"aligncenter size-full wp-image-77786\" src=\"https:\/\/www.fundacionnaturgy.org\/wp-content\/uploads\/2021\/01\/video-webinar-rehabilitacion-energetica.jpg\" alt=\"video-webinar-rehabilitacion-energetica\" width=\"597\" height=\"327\" \/><\/a><\/p>\n","protected":false},"featured_media":77583,"template":"","meta":{"inline_featured_image":false},"categories":[1200,1209],"content-type":[1166,1169],"product_tag":[],"acf":[],"post_class":["post-77621","product","type-product","status-publish","has-post-thumbnail","hentry","category-eficiencia-energetica-ca","category-vulnerabilitat-energetica","content-type-articles-e-informes","content-type-videos","wordpress-sticky"],"_links":{"self":[{"href":"https:\/\/www.fundacionnaturgy.org\/ca\/wp-json\/wp\/v2\/product\/77621"}],"collection":[{"href":"https:\/\/www.fundacionnaturgy.org\/ca\/wp-json\/wp\/v2\/product"}],"about":[{"href":"https:\/\/www.fundacionnaturgy.org\/ca\/wp-json\/wp\/v2\/types\/product"}],"wp:featuredmedia":[{"embeddable":true,"href":"https:\/\/www.fundacionnaturgy.org\/ca\/wp-json\/wp\/v2\/media\/77583"}],"wp:attachment":[{"href":"https:\/\/www.fundacionnaturgy.org\/ca\/wp-json\/wp\/v2\/media?parent=77621"}],"wp:term":[{"taxonomy":"category","embeddable":true,"href":"https:\/\/www.fundacionnaturgy.org\/ca\/wp-json\/wp\/v2\/categories?post=77621"},{"taxonomy":"content-type","embeddable":true,"href":"https:\/\/www.fundacionnaturgy.org\/ca\/wp-json\/wp\/v2\/content-type?post=77621"},{"taxonomy":"product_tag","embeddable":true,"href":"https:\/\/www.fundacionnaturgy.org\/ca\/wp-json\/wp\/v2\/product_tag?post=77621"}],"curies":[{"name":"wp","href":"https:\/\/api.w.org\/{rel}","templated":true}]}}