{"id":79310,"date":"2021-03-19T10:49:12","date_gmt":"2021-03-19T09:49:12","guid":{"rendered":"https:\/\/www.fundacionnaturgy.org\/producto\/el-paper-de-les-finances-sostenibles-en-el-sector-de-lenergia\/"},"modified":"2021-03-19T10:49:12","modified_gmt":"2021-03-19T09:49:12","slug":"el-paper-de-les-finances-sostenibles-en-el-sector-de-lenergia","status":"publish","type":"product","link":"https:\/\/www.fundacionnaturgy.org\/ca\/publicacion\/el-paper-de-les-finances-sostenibles-en-el-sector-de-lenergia\/","title":{"rendered":"El paper de les finances sostenibles en el sector de l\u2019energia"},"content":{"rendered":"<p>El model econ\u00f2mic actual es troba en ple proc\u00e9s de transici\u00f3 cap a una economia sostenible. Una economia m\u00e9s social i responsable amb el medi ambient que ha estat demandada pels diferents grups socials, organismes i ciutadans.<\/p>\n","protected":false},"excerpt":{"rendered":"<p>El model econ\u00f2mic actual es troba en ple proc\u00e9s de transici\u00f3 cap a una economia sostenible. Una economia m\u00e9s social i responsable amb el medi ambient que ha estat demandada pels diferents grups socials, organismes i ciutadans.<\/p>\n","protected":false},"featured_media":77873,"template":"","meta":{"inline_featured_image":false},"categories":[1204,1205,1208],"content-type":[1166,1169],"product_tag":[],"acf":[],"post_class":["post-79310","product","type-product","status-publish","has-post-thumbnail","hentry","category-innovacio-tecnologica","category-medi-ambient","category-transicio-energetica","content-type-articles-e-informes","content-type-videos","wordpress-sticky"],"_links":{"self":[{"href":"https:\/\/www.fundacionnaturgy.org\/ca\/wp-json\/wp\/v2\/product\/79310"}],"collection":[{"href":"https:\/\/www.fundacionnaturgy.org\/ca\/wp-json\/wp\/v2\/product"}],"about":[{"href":"https:\/\/www.fundacionnaturgy.org\/ca\/wp-json\/wp\/v2\/types\/product"}],"wp:featuredmedia":[{"embeddable":true,"href":"https:\/\/www.fundacionnaturgy.org\/ca\/wp-json\/wp\/v2\/media\/77873"}],"wp:attachment":[{"href":"https:\/\/www.fundacionnaturgy.org\/ca\/wp-json\/wp\/v2\/media?parent=79310"}],"wp:term":[{"taxonomy":"category","embeddable":true,"href":"https:\/\/www.fundacionnaturgy.org\/ca\/wp-json\/wp\/v2\/categories?post=79310"},{"taxonomy":"content-type","embeddable":true,"href":"https:\/\/www.fundacionnaturgy.org\/ca\/wp-json\/wp\/v2\/content-type?post=79310"},{"taxonomy":"product_tag","embeddable":true,"href":"https:\/\/www.fundacionnaturgy.org\/ca\/wp-json\/wp\/v2\/product_tag?post=79310"}],"curies":[{"name":"wp","href":"https:\/\/api.w.org\/{rel}","templated":true}]}}