{"id":79334,"date":"2021-05-20T15:15:15","date_gmt":"2021-05-20T13:15:15","guid":{"rendered":"https:\/\/www.fundacionnaturgy.org\/producto\/el-paper-de-lemmagatzemament-en-la-transicio-energetica\/"},"modified":"2021-05-20T15:15:15","modified_gmt":"2021-05-20T13:15:15","slug":"el-paper-de-lemmagatzemament-en-la-transicio-energetica","status":"publish","type":"product","link":"https:\/\/www.fundacionnaturgy.org\/ca\/publicacion\/el-paper-de-lemmagatzemament-en-la-transicio-energetica\/","title":{"rendered":"El paper de l\u2019emmagatzemament en la transici\u00f3 energ\u00e8tica"},"content":{"rendered":null,"protected":false},"excerpt":{"rendered":"<p>Aquest informe ha estat realitzat per PwC Espanya, d&#8217;acord amb la petici\u00f3 feta per la Fundaci\u00f3 Naturgy, amb la finalitat d\u2019analitzar el context actual del sector amb la integraci\u00f3 creixent de les energies renovables i per saber-ne m\u00e9s sobre el paper que exercir\u00e0 en un futur proper l\u2019emmagatzemament energ\u00e8tic centrat en les bateries.\u00a0El CIEMAT (Centre d\u2019Investigacions Energ\u00e8tiques, Mediambientals i Tecnol\u00f2giques) -Organisme P\u00fablic d\u2019Investigaci\u00f3 adscrit al Ministeri de Ci\u00e8ncia i Innovaci\u00f3 a trav\u00e9s de la Secretaria General d\u2019Investigaci\u00f3- ha col\u00b7laborat tamb\u00e9 en l\u2019edici\u00f3 d\u2019aquest document.<\/p>\n","protected":false},"featured_media":78560,"template":"","meta":{"inline_featured_image":false},"categories":[1202,1208],"content-type":[1166,1169],"product_tag":[],"acf":[],"post_class":["post-79334","product","type-product","status-publish","has-post-thumbnail","hentry","category-energies-renovables","category-transicio-energetica","content-type-articles-e-informes","content-type-videos","wordpress-sticky"],"_links":{"self":[{"href":"https:\/\/www.fundacionnaturgy.org\/ca\/wp-json\/wp\/v2\/product\/79334"}],"collection":[{"href":"https:\/\/www.fundacionnaturgy.org\/ca\/wp-json\/wp\/v2\/product"}],"about":[{"href":"https:\/\/www.fundacionnaturgy.org\/ca\/wp-json\/wp\/v2\/types\/product"}],"wp:featuredmedia":[{"embeddable":true,"href":"https:\/\/www.fundacionnaturgy.org\/ca\/wp-json\/wp\/v2\/media\/78560"}],"wp:attachment":[{"href":"https:\/\/www.fundacionnaturgy.org\/ca\/wp-json\/wp\/v2\/media?parent=79334"}],"wp:term":[{"taxonomy":"category","embeddable":true,"href":"https:\/\/www.fundacionnaturgy.org\/ca\/wp-json\/wp\/v2\/categories?post=79334"},{"taxonomy":"content-type","embeddable":true,"href":"https:\/\/www.fundacionnaturgy.org\/ca\/wp-json\/wp\/v2\/content-type?post=79334"},{"taxonomy":"product_tag","embeddable":true,"href":"https:\/\/www.fundacionnaturgy.org\/ca\/wp-json\/wp\/v2\/product_tag?post=79334"}],"curies":[{"name":"wp","href":"https:\/\/api.w.org\/{rel}","templated":true}]}}