{"id":79354,"date":"2021-06-17T11:40:36","date_gmt":"2021-06-17T09:40:36","guid":{"rendered":"https:\/\/www.fundacionnaturgy.org\/producto\/distribucio-urbana-de-mercaderies-sostenible-per-a-una-millora-economica-ambiental-i-social\/"},"modified":"2021-06-17T11:40:36","modified_gmt":"2021-06-17T09:40:36","slug":"distribucio-urbana-de-mercaderies-sostenible-per-a-una-millora-economica-ambiental-i-social","status":"publish","type":"product","link":"https:\/\/www.fundacionnaturgy.org\/ca\/publicacion\/distribucio-urbana-de-mercaderies-sostenible-per-a-una-millora-economica-ambiental-i-social\/","title":{"rendered":"Distribuci\u00f3 urbana de mercaderies sostenible. Per a una millora econ\u00f2mica, ambiental i social"},"content":{"rendered":"<p>La distribuci\u00f3 urbana de mercaderies \u00e9s la baula de la cadena de subministrament que actua a l\u2019interior de les ciutats, amb l\u2019objectiu de proveir tant els establiments empresarials com el client final. Una operativa que ha anat guanyant pres\u00e8ncia i rellev\u00e0ncia, ja que l\u2019evoluci\u00f3 dels h\u00e0bits de consum, juntament amb els aven\u00e7os de la tecnologia, ha provocat que el comer\u00e7 electr\u00f2nic registri creixements interanuals de doble d\u00edgit durant els \u00faltims anys. Aix\u00ed mateix, segons les \u00faltimes dades de la CNMC (2020), els sectors que m\u00e9s han incrementat les vendes online durant la pand\u00e8mia de la covid-19 s\u00f3n els tradicionals (alimentaci\u00f3, peces de vestir i productes de lleure), que requereixen processos eminentment log\u00edstics.<\/p>\n","protected":false},"excerpt":{"rendered":"<p>La distribuci\u00f3 urbana de mercaderies \u00e9s la baula de la cadena de subministrament que actua a l\u2019interior de les ciutats, amb l\u2019objectiu de proveir tant els establiments empresarials com el client final. Una operativa que ha anat guanyant pres\u00e8ncia i rellev\u00e0ncia, ja que l\u2019evoluci\u00f3 dels h\u00e0bits de consum, juntament amb els aven\u00e7os de la tecnologia, ha provocat que el comer\u00e7 electr\u00f2nic registri creixements interanuals de doble d\u00edgit durant els \u00faltims anys.<\/p>\n","protected":false},"featured_media":78808,"template":"","meta":{"inline_featured_image":false},"categories":[1200,1201,1202,1204,1205,1207,1208],"content-type":[1166,1169],"product_tag":[],"acf":[],"post_class":["post-79354","product","type-product","status-publish","has-post-thumbnail","hentry","category-eficiencia-energetica-ca","category-energia-i-transport","category-energies-renovables","category-innovacio-tecnologica","category-medi-ambient","category-qualitat-de-laire","category-transicio-energetica","content-type-articles-e-informes","content-type-videos","wordpress-sticky"],"_links":{"self":[{"href":"https:\/\/www.fundacionnaturgy.org\/ca\/wp-json\/wp\/v2\/product\/79354"}],"collection":[{"href":"https:\/\/www.fundacionnaturgy.org\/ca\/wp-json\/wp\/v2\/product"}],"about":[{"href":"https:\/\/www.fundacionnaturgy.org\/ca\/wp-json\/wp\/v2\/types\/product"}],"wp:featuredmedia":[{"embeddable":true,"href":"https:\/\/www.fundacionnaturgy.org\/ca\/wp-json\/wp\/v2\/media\/78808"}],"wp:attachment":[{"href":"https:\/\/www.fundacionnaturgy.org\/ca\/wp-json\/wp\/v2\/media?parent=79354"}],"wp:term":[{"taxonomy":"category","embeddable":true,"href":"https:\/\/www.fundacionnaturgy.org\/ca\/wp-json\/wp\/v2\/categories?post=79354"},{"taxonomy":"content-type","embeddable":true,"href":"https:\/\/www.fundacionnaturgy.org\/ca\/wp-json\/wp\/v2\/content-type?post=79354"},{"taxonomy":"product_tag","embeddable":true,"href":"https:\/\/www.fundacionnaturgy.org\/ca\/wp-json\/wp\/v2\/product_tag?post=79354"}],"curies":[{"name":"wp","href":"https:\/\/api.w.org\/{rel}","templated":true}]}}