{"id":79361,"date":"2021-07-13T10:00:02","date_gmt":"2021-07-13T08:00:02","guid":{"rendered":"https:\/\/www.fundacionnaturgy.org\/producto\/el-potencial-del-biometa-en-una-ciutat-de-referencia-lleida\/"},"modified":"2021-07-13T10:00:02","modified_gmt":"2021-07-13T08:00:02","slug":"el-potencial-del-biometa-en-una-ciutat-de-referencia-lleida","status":"publish","type":"product","link":"https:\/\/www.fundacionnaturgy.org\/ca\/publicacion\/el-potencial-del-biometa-en-una-ciutat-de-referencia-lleida\/","title":{"rendered":"El potencial del biomet\u00e0 en una ciutat de refer\u00e8ncia: Lleida"},"content":{"rendered":"<p>L\u2019objectiu d\u2019aquest article \u00e9s analitzar quina aportaci\u00f3 podria representar la producci\u00f3 de biog\u00e0s i biomet\u00e0 en una ciutat mitjana, com Lleida, capital de la comarca del Segri\u00e0 (Catalunya), a fi de detectar tamb\u00e9 els factors limitants o les barreres per superar. De l\u2019an\u00e0lisi realitzada es comprova que pot haver-hi una sinergia entre els diferents municipis de la comarca, ja que alguns disposen de m\u00e9s recursos per produir biomet\u00e0 que els necessaris per al seu consum. L\u2019exist\u00e8ncia de conduccions de gas per distribuir el biomet\u00e0 d\u2019all\u00e0 on es produeix fins on es pot consumir amb la m\u00e0xima efici\u00e8ncia permet aprofitar la sinergia esmentada.<\/p>\n","protected":false},"excerpt":{"rendered":"<p>L\u2019objectiu d\u2019aquest article \u00e9s analitzar quina aportaci\u00f3 podria representar la producci\u00f3 de biog\u00e0s i biomet\u00e0 en una ciutat mitjana, com Lleida, capital de la comarca del Segri\u00e0 (Catalunya), a fi de detectar tamb\u00e9 els factors limitants o les barreres per superar. De l\u2019an\u00e0lisi realitzada es comprova que pot haver-hi una sinergia entre els diferents municipis de la comarca, ja que alguns disposen de m\u00e9s recursos per produir biomet\u00e0 que els necessaris per al seu consum. L\u2019exist\u00e8ncia de conduccions de gas per distribuir el biomet\u00e0 d\u2019all\u00e0 on es produeix fins on es pot consumir amb la m\u00e0xima efici\u00e8ncia permet aprofitar la sinergia esmentada. S<\/p>\n","protected":false},"featured_media":79107,"template":"","meta":{"inline_featured_image":false},"categories":[1202,1207,1208],"content-type":[1166],"product_tag":[],"acf":[],"post_class":["post-79361","product","type-product","status-publish","has-post-thumbnail","hentry","category-energies-renovables","category-qualitat-de-laire","category-transicio-energetica","content-type-articles-e-informes","wordpress-sticky"],"_links":{"self":[{"href":"https:\/\/www.fundacionnaturgy.org\/ca\/wp-json\/wp\/v2\/product\/79361"}],"collection":[{"href":"https:\/\/www.fundacionnaturgy.org\/ca\/wp-json\/wp\/v2\/product"}],"about":[{"href":"https:\/\/www.fundacionnaturgy.org\/ca\/wp-json\/wp\/v2\/types\/product"}],"wp:featuredmedia":[{"embeddable":true,"href":"https:\/\/www.fundacionnaturgy.org\/ca\/wp-json\/wp\/v2\/media\/79107"}],"wp:attachment":[{"href":"https:\/\/www.fundacionnaturgy.org\/ca\/wp-json\/wp\/v2\/media?parent=79361"}],"wp:term":[{"taxonomy":"category","embeddable":true,"href":"https:\/\/www.fundacionnaturgy.org\/ca\/wp-json\/wp\/v2\/categories?post=79361"},{"taxonomy":"content-type","embeddable":true,"href":"https:\/\/www.fundacionnaturgy.org\/ca\/wp-json\/wp\/v2\/content-type?post=79361"},{"taxonomy":"product_tag","embeddable":true,"href":"https:\/\/www.fundacionnaturgy.org\/ca\/wp-json\/wp\/v2\/product_tag?post=79361"}],"curies":[{"name":"wp","href":"https:\/\/api.w.org\/{rel}","templated":true}]}}