{"id":79366,"date":"2021-07-01T11:32:19","date_gmt":"2021-07-01T09:32:19","guid":{"rendered":"https:\/\/www.fundacionnaturgy.org\/producto\/informe-2020-el-sector-espanyol-del-gas-natural-en-xifres\/"},"modified":"2021-07-01T11:32:19","modified_gmt":"2021-07-01T09:32:19","slug":"informe-2020-el-sector-espanyol-del-gas-natural-en-xifres","status":"publish","type":"product","link":"https:\/\/www.fundacionnaturgy.org\/ca\/publicacion\/informe-2020-el-sector-espanyol-del-gas-natural-en-xifres\/","title":{"rendered":"Informe 2020. El sector espanyol del gas natural en xifres"},"content":{"rendered":"<p class=\"x_MsoNormal\">Fundaci\u00f3 Naturgy presenta un nou\u00a0<strong>Informe anual<\/strong>\u00a0sobre &quot;<strong>El sector espanyol del gas natural en xifres<\/strong>&quot;, que se suma al que es va publicar la setmana passada sobre el sector el\u00e8ctric.<\/p>\n<p class=\"x_MsoNormal\">Aquest nou document recull de manera senzilla totes les dades oficials publicades sobre l\u2019activitat gasista, i remarca especialment les de naturalesa econ\u00f2mica. \u00c9s una recopilaci\u00f3 ordenada de tota la informaci\u00f3 corresponent a l\u2019<strong>any 2020<\/strong>complementada amb la del per\u00edode 2016-2020, per poder comprendre millor l\u2019evoluci\u00f3 d\u2019aquest sector econ\u00f2mic.<\/p>\n<p>Adjuntem\u00a0tamb\u00e9 un\u00a0<strong>v\u00eddeo resum,<\/strong>\u00a0en el qual novament l\u2019economista i consultor en mercats energ\u00e8tics Miguel A. Lasheras comenta algunes de les dades m\u00e9s rellevants de la publicaci\u00f3.<\/p>\n","protected":false},"excerpt":{"rendered":"<p>Fundaci\u00f3 Naturgy presenta un nou Informe anual sobre &#8220;El sector espanyol del gas natural en xifres&#8221;, que se suma al que es va publicar la setmana passada sobre el sector el\u00e8ctric. Aquest nou document recull de manera senzilla totes les dades oficials publicades sobre l\u2019activitat gasista, i remarca especialment les de naturalesa econ\u00f2mica. \u00c9s una recopilaci\u00f3 ordenada de tota la informaci\u00f3 corresponent a l\u2019any 2020, complementada amb la del per\u00edode 2016-2020, per poder comprendre millor l\u2019evoluci\u00f3 d\u2019aquest sector econ\u00f2mic.<\/p>\n","protected":false},"featured_media":79075,"template":"","meta":{"inline_featured_image":false},"categories":[1201,1202,1205,1207,1208],"content-type":[1166,1169],"product_tag":[],"acf":[],"post_class":["post-79366","product","type-product","status-publish","has-post-thumbnail","hentry","category-energia-i-transport","category-energies-renovables","category-medi-ambient","category-qualitat-de-laire","category-transicio-energetica","content-type-articles-e-informes","content-type-videos","wordpress-sticky"],"_links":{"self":[{"href":"https:\/\/www.fundacionnaturgy.org\/ca\/wp-json\/wp\/v2\/product\/79366"}],"collection":[{"href":"https:\/\/www.fundacionnaturgy.org\/ca\/wp-json\/wp\/v2\/product"}],"about":[{"href":"https:\/\/www.fundacionnaturgy.org\/ca\/wp-json\/wp\/v2\/types\/product"}],"wp:featuredmedia":[{"embeddable":true,"href":"https:\/\/www.fundacionnaturgy.org\/ca\/wp-json\/wp\/v2\/media\/79075"}],"wp:attachment":[{"href":"https:\/\/www.fundacionnaturgy.org\/ca\/wp-json\/wp\/v2\/media?parent=79366"}],"wp:term":[{"taxonomy":"category","embeddable":true,"href":"https:\/\/www.fundacionnaturgy.org\/ca\/wp-json\/wp\/v2\/categories?post=79366"},{"taxonomy":"content-type","embeddable":true,"href":"https:\/\/www.fundacionnaturgy.org\/ca\/wp-json\/wp\/v2\/content-type?post=79366"},{"taxonomy":"product_tag","embeddable":true,"href":"https:\/\/www.fundacionnaturgy.org\/ca\/wp-json\/wp\/v2\/product_tag?post=79366"}],"curies":[{"name":"wp","href":"https:\/\/api.w.org\/{rel}","templated":true}]}}