{"id":79368,"date":"2021-06-30T10:38:23","date_gmt":"2021-06-30T08:38:23","guid":{"rendered":"https:\/\/www.fundacionnaturgy.org\/producto\/video-del-seminari-web-converses-sobre-el-desenvolupament-de-lhidrogen-i-els-seus-mercats-amb-javier-brey-i-raul-yunta\/"},"modified":"2021-06-30T10:38:23","modified_gmt":"2021-06-30T08:38:23","slug":"video-del-seminari-web-converses-sobre-el-desenvolupament-de-lhidrogen-i-els-seus-mercats-amb-javier-brey-i-raul-yunta","status":"publish","type":"product","link":"https:\/\/www.fundacionnaturgy.org\/ca\/publicacion\/video-del-seminari-web-converses-sobre-el-desenvolupament-de-lhidrogen-i-els-seus-mercats-amb-javier-brey-i-raul-yunta\/","title":{"rendered":"V\u00eddeo del seminari web &#8220;Converses sobre el desenvolupament de l\u2019hidrogen i els seus mercats amb Javier Brey i Ra\u00fal Yunta&#8221;"},"content":{"rendered":null,"protected":false},"excerpt":{"rendered":"<p>Fundaci\u00f3 Naturgy i el Cap\u00edtulo Espa\u00f1ol del Club de Roma van celebrar el passat 30 de juny el segon seminari web basat en converses entre experts al voltant de temes d\u2019actualitat relacionats amb l\u2019energia, el medi ambient i la sostenibilitat. En aquesta sessi\u00f3, en col\u00b7laboraci\u00f3 amb l\u2019Associaci\u00f3 Espanyola de l\u2019Hidrogen (AeH2) i MIBGAS, es va conversar sobre el desenvolupament de l\u2019hidrogen i els seus mercats davant de l\u2019impuls i el suport que est\u00e0 tenint com a vector energ\u00e8tic tant en l\u2019\u00e0mbit espanyol com en l\u2019europeu.<\/p>\n","protected":false},"featured_media":78951,"template":"","meta":{"inline_featured_image":false},"categories":[1202,1205,1207,1208],"content-type":[1169],"product_tag":[],"acf":[],"post_class":["post-79368","product","type-product","status-publish","has-post-thumbnail","hentry","category-energies-renovables","category-medi-ambient","category-qualitat-de-laire","category-transicio-energetica","content-type-videos","wordpress-sticky"],"_links":{"self":[{"href":"https:\/\/www.fundacionnaturgy.org\/ca\/wp-json\/wp\/v2\/product\/79368"}],"collection":[{"href":"https:\/\/www.fundacionnaturgy.org\/ca\/wp-json\/wp\/v2\/product"}],"about":[{"href":"https:\/\/www.fundacionnaturgy.org\/ca\/wp-json\/wp\/v2\/types\/product"}],"wp:featuredmedia":[{"embeddable":true,"href":"https:\/\/www.fundacionnaturgy.org\/ca\/wp-json\/wp\/v2\/media\/78951"}],"wp:attachment":[{"href":"https:\/\/www.fundacionnaturgy.org\/ca\/wp-json\/wp\/v2\/media?parent=79368"}],"wp:term":[{"taxonomy":"category","embeddable":true,"href":"https:\/\/www.fundacionnaturgy.org\/ca\/wp-json\/wp\/v2\/categories?post=79368"},{"taxonomy":"content-type","embeddable":true,"href":"https:\/\/www.fundacionnaturgy.org\/ca\/wp-json\/wp\/v2\/content-type?post=79368"},{"taxonomy":"product_tag","embeddable":true,"href":"https:\/\/www.fundacionnaturgy.org\/ca\/wp-json\/wp\/v2\/product_tag?post=79368"}],"curies":[{"name":"wp","href":"https:\/\/api.w.org\/{rel}","templated":true}]}}