{"id":79370,"date":"2021-04-15T10:48:07","date_gmt":"2021-04-15T08:48:07","guid":{"rendered":"https:\/\/www.fundacionnaturgy.org\/producto\/video-del-seminari-web-converses-sobre-canvi-climatic-i-posicionaments-internacionals-amb-valvanera-ulargui-pedro-linares-i-julio-lumbreras\/"},"modified":"2021-04-15T10:48:07","modified_gmt":"2021-04-15T08:48:07","slug":"video-del-seminari-web-converses-sobre-canvi-climatic-i-posicionaments-internacionals-amb-valvanera-ulargui-pedro-linares-i-julio-lumbreras","status":"publish","type":"product","link":"https:\/\/www.fundacionnaturgy.org\/ca\/publicacion\/video-del-seminari-web-converses-sobre-canvi-climatic-i-posicionaments-internacionals-amb-valvanera-ulargui-pedro-linares-i-julio-lumbreras\/","title":{"rendered":"V\u00eddeo del seminari web \u201cConverses sobre canvi clim\u00e0tic i posicionaments internacionals amb Valvanera Ulargui, Pedro Linares i Julio Lumbreras&#8221;"},"content":{"rendered":null,"protected":false},"excerpt":{"rendered":"<p>La Fundaci\u00f3 Naturgy i el Club de Roma van celebrar el passat 15 d\u2019abril un nou format de seminaris web basat en converses entre experts al voltant de temes d\u2019actualitat relacionats amb l\u2019energia, el medi ambient i la sostenibilitat. En la primera sessi\u00f3 reflexionem sobre el canvi clim\u00e0tic i els diferents posicionaments internacionals amb la participaci\u00f3 de Valvanera Ulargui, directora general de l\u2019Oficina Espanyola de Canvi Clim\u00e0tic de MITECO; Julio Lumbreras, professor de la Universitat Polit\u00e8cnica de Madrid, i Pedro Linares, professor de la Universitat Pontif\u00edcia Comillas.<\/p>\n","protected":false},"featured_media":78164,"template":"","meta":{"inline_featured_image":false},"categories":[1202,1205,1208],"content-type":[1169],"product_tag":[],"acf":[],"post_class":["post-79370","product","type-product","status-publish","has-post-thumbnail","hentry","category-energies-renovables","category-medi-ambient","category-transicio-energetica","content-type-videos","wordpress-sticky"],"_links":{"self":[{"href":"https:\/\/www.fundacionnaturgy.org\/ca\/wp-json\/wp\/v2\/product\/79370"}],"collection":[{"href":"https:\/\/www.fundacionnaturgy.org\/ca\/wp-json\/wp\/v2\/product"}],"about":[{"href":"https:\/\/www.fundacionnaturgy.org\/ca\/wp-json\/wp\/v2\/types\/product"}],"wp:featuredmedia":[{"embeddable":true,"href":"https:\/\/www.fundacionnaturgy.org\/ca\/wp-json\/wp\/v2\/media\/78164"}],"wp:attachment":[{"href":"https:\/\/www.fundacionnaturgy.org\/ca\/wp-json\/wp\/v2\/media?parent=79370"}],"wp:term":[{"taxonomy":"category","embeddable":true,"href":"https:\/\/www.fundacionnaturgy.org\/ca\/wp-json\/wp\/v2\/categories?post=79370"},{"taxonomy":"content-type","embeddable":true,"href":"https:\/\/www.fundacionnaturgy.org\/ca\/wp-json\/wp\/v2\/content-type?post=79370"},{"taxonomy":"product_tag","embeddable":true,"href":"https:\/\/www.fundacionnaturgy.org\/ca\/wp-json\/wp\/v2\/product_tag?post=79370"}],"curies":[{"name":"wp","href":"https:\/\/api.w.org\/{rel}","templated":true}]}}