{"id":79670,"date":"2021-09-13T12:12:12","date_gmt":"2021-09-13T10:12:12","guid":{"rendered":"https:\/\/www.fundacionnaturgy.org\/producto\/la-digitalitzacio-de-les-xarxes-electriques-de-distribucio-a-espanya\/"},"modified":"2021-09-13T12:12:12","modified_gmt":"2021-09-13T10:12:12","slug":"la-digitalitzacio-de-les-xarxes-electriques-de-distribucio-a-espanya","status":"publish","type":"product","link":"https:\/\/www.fundacionnaturgy.org\/ca\/publicacion\/la-digitalitzacio-de-les-xarxes-electriques-de-distribucio-a-espanya\/","title":{"rendered":"La digitalitzaci\u00f3 de les xarxes el\u00e8ctriques de distribuci\u00f3 a Espanya"},"content":{"rendered":"<p>El sector energ\u00e8tic est\u00e0 vivint una profunda i extensa transformaci\u00f3 per dues causes principals. La primera, resumida en la coneguda transici\u00f3 energ\u00e8tica, que t\u00e9 el seu origen en la lluita contra el canvi clim\u00e0tic i que contribueix a la necess\u00e0ria sostenibilitat de la vida al nostre planeta. La segona, en una transformaci\u00f3 digital que afecta totes les \u00e0rees i sectors de l\u2019economia i la societat.<\/p>\n","protected":false},"excerpt":{"rendered":"<p>L\u2019informe analitza en detall el concepte de digitalitzaci\u00f3, els costos i beneficis que comporta i alguns indicadors per mesurar el grau de digitalitzaci\u00f3, aix\u00ed com necessitats competencials, formatives i de regulaci\u00f3 per impulsar-ne la implantaci\u00f3.<\/p>\n","protected":false},"featured_media":79444,"template":"","meta":{"inline_featured_image":false},"categories":[1201,1204,1205,1208],"content-type":[1166,1169],"product_tag":[],"acf":[],"post_class":["post-79670","product","type-product","status-publish","has-post-thumbnail","hentry","category-energia-i-transport","category-innovacio-tecnologica","category-medi-ambient","category-transicio-energetica","content-type-articles-e-informes","content-type-videos","wordpress-sticky"],"_links":{"self":[{"href":"https:\/\/www.fundacionnaturgy.org\/ca\/wp-json\/wp\/v2\/product\/79670"}],"collection":[{"href":"https:\/\/www.fundacionnaturgy.org\/ca\/wp-json\/wp\/v2\/product"}],"about":[{"href":"https:\/\/www.fundacionnaturgy.org\/ca\/wp-json\/wp\/v2\/types\/product"}],"wp:featuredmedia":[{"embeddable":true,"href":"https:\/\/www.fundacionnaturgy.org\/ca\/wp-json\/wp\/v2\/media\/79444"}],"wp:attachment":[{"href":"https:\/\/www.fundacionnaturgy.org\/ca\/wp-json\/wp\/v2\/media?parent=79670"}],"wp:term":[{"taxonomy":"category","embeddable":true,"href":"https:\/\/www.fundacionnaturgy.org\/ca\/wp-json\/wp\/v2\/categories?post=79670"},{"taxonomy":"content-type","embeddable":true,"href":"https:\/\/www.fundacionnaturgy.org\/ca\/wp-json\/wp\/v2\/content-type?post=79670"},{"taxonomy":"product_tag","embeddable":true,"href":"https:\/\/www.fundacionnaturgy.org\/ca\/wp-json\/wp\/v2\/product_tag?post=79670"}],"curies":[{"name":"wp","href":"https:\/\/api.w.org\/{rel}","templated":true}]}}