{"id":79677,"date":"2021-09-22T17:04:46","date_gmt":"2021-09-22T15:04:46","guid":{"rendered":"https:\/\/www.fundacionnaturgy.org\/producto\/gas-renovable-el-futur-de-lenergia-i-el-medi-ambient\/"},"modified":"2024-09-25T17:19:44","modified_gmt":"2024-09-25T15:19:44","slug":"gas-renovable-el-futur-de-lenergia-i-el-medi-ambient","status":"publish","type":"product","link":"https:\/\/www.fundacionnaturgy.org\/ca\/publicacion\/gas-renovable-el-futur-de-lenergia-i-el-medi-ambient\/","title":{"rendered":"Gas renovable. El futur de l\u2019energia i el medi ambient"},"content":{"rendered":"<p>Els gasos renovables tenen un paper significatiu en la consecuci\u00f3 dels objectius de descarbonitzaci\u00f3, tot i els seus avantatges i el seu potencial, el nivell de desenvolupament a Espanya \u00e9s esc\u00e0s. La formaci\u00f3 professional en aquesta mat\u00e8ria contribueix a afavorir les possibilitats d&#8217;ocupaci\u00f3 que permetin potenciar-ne el desenvolupament en el marc d&#8217;una justa transici\u00f3 per a tothom.<\/p>\n","protected":false},"excerpt":{"rendered":"<p>Els gasos renovables tenen un paper significatiu en la consecuci\u00f3 dels objectius de descarbonitzaci\u00f3, tot i els seus avantatges i el seu potencial, el nivell de desenvolupament a Espanya \u00e9s esc\u00e0s. La formaci\u00f3 professional en aquesta mat\u00e8ria contribueix a afavorir les possibilitats d&#8217;ocupaci\u00f3 que permetin potenciar-ne el desenvolupament en el marc d&#8217;una justa transici\u00f3 per a tothom.<\/p>\n","protected":false},"featured_media":85123,"template":"","meta":{"inline_featured_image":false},"categories":[242,1202,1208],"content-type":[1166],"product_tag":[],"acf":[],"post_class":["post-79677","product","type-product","status-publish","has-post-thumbnail","hentry","category-educacio-divulgacio","category-energies-renovables","category-transicio-energetica","content-type-articles-e-informes","wordpress-sticky"],"_links":{"self":[{"href":"https:\/\/www.fundacionnaturgy.org\/ca\/wp-json\/wp\/v2\/product\/79677"}],"collection":[{"href":"https:\/\/www.fundacionnaturgy.org\/ca\/wp-json\/wp\/v2\/product"}],"about":[{"href":"https:\/\/www.fundacionnaturgy.org\/ca\/wp-json\/wp\/v2\/types\/product"}],"wp:featuredmedia":[{"embeddable":true,"href":"https:\/\/www.fundacionnaturgy.org\/ca\/wp-json\/wp\/v2\/media\/85123"}],"wp:attachment":[{"href":"https:\/\/www.fundacionnaturgy.org\/ca\/wp-json\/wp\/v2\/media?parent=79677"}],"wp:term":[{"taxonomy":"category","embeddable":true,"href":"https:\/\/www.fundacionnaturgy.org\/ca\/wp-json\/wp\/v2\/categories?post=79677"},{"taxonomy":"content-type","embeddable":true,"href":"https:\/\/www.fundacionnaturgy.org\/ca\/wp-json\/wp\/v2\/content-type?post=79677"},{"taxonomy":"product_tag","embeddable":true,"href":"https:\/\/www.fundacionnaturgy.org\/ca\/wp-json\/wp\/v2\/product_tag?post=79677"}],"curies":[{"name":"wp","href":"https:\/\/api.w.org\/{rel}","templated":true}]}}