{"id":80526,"date":"2021-10-21T10:05:58","date_gmt":"2021-10-21T08:05:58","guid":{"rendered":"https:\/\/www.fundacionnaturgy.org\/producto\/lactivitat-de-comercialitzacio-denergia-electrica-a-espanya\/"},"modified":"2021-10-21T10:05:58","modified_gmt":"2021-10-21T08:05:58","slug":"lactivitat-de-comercialitzacio-denergia-electrica-a-espanya","status":"publish","type":"product","link":"https:\/\/www.fundacionnaturgy.org\/ca\/publicacion\/lactivitat-de-comercialitzacio-denergia-electrica-a-espanya\/","title":{"rendered":"L\u2019activitat de comercialitzaci\u00f3 d\u2019energia el\u00e8ctrica a Espanya"},"content":{"rendered":null,"protected":false},"excerpt":{"rendered":"<p>\u201cUn enteniment adequat de la situaci\u00f3 de l\u2019activitat de comercialitzaci\u00f3 d\u2019energia el\u00e8ctrica, amb 29 milions de punts de subministrament al mercat minorista, \u00e9s clau per valorar la situaci\u00f3 del sector el\u00e8ctric en conjunt\u201d.<\/p>\n","protected":false},"featured_media":79852,"template":"","meta":{"inline_featured_image":false},"categories":[1202,1204,1208],"content-type":[1166,1169],"product_tag":[],"acf":[],"post_class":["post-80526","product","type-product","status-publish","has-post-thumbnail","hentry","category-energies-renovables","category-innovacio-tecnologica","category-transicio-energetica","content-type-articles-e-informes","content-type-videos","wordpress-sticky"],"_links":{"self":[{"href":"https:\/\/www.fundacionnaturgy.org\/ca\/wp-json\/wp\/v2\/product\/80526"}],"collection":[{"href":"https:\/\/www.fundacionnaturgy.org\/ca\/wp-json\/wp\/v2\/product"}],"about":[{"href":"https:\/\/www.fundacionnaturgy.org\/ca\/wp-json\/wp\/v2\/types\/product"}],"wp:featuredmedia":[{"embeddable":true,"href":"https:\/\/www.fundacionnaturgy.org\/ca\/wp-json\/wp\/v2\/media\/79852"}],"wp:attachment":[{"href":"https:\/\/www.fundacionnaturgy.org\/ca\/wp-json\/wp\/v2\/media?parent=80526"}],"wp:term":[{"taxonomy":"category","embeddable":true,"href":"https:\/\/www.fundacionnaturgy.org\/ca\/wp-json\/wp\/v2\/categories?post=80526"},{"taxonomy":"content-type","embeddable":true,"href":"https:\/\/www.fundacionnaturgy.org\/ca\/wp-json\/wp\/v2\/content-type?post=80526"},{"taxonomy":"product_tag","embeddable":true,"href":"https:\/\/www.fundacionnaturgy.org\/ca\/wp-json\/wp\/v2\/product_tag?post=80526"}],"curies":[{"name":"wp","href":"https:\/\/api.w.org\/{rel}","templated":true}]}}