{"id":80528,"date":"2021-11-03T13:47:37","date_gmt":"2021-11-03T12:47:37","guid":{"rendered":"https:\/\/www.fundacionnaturgy.org\/producto\/el-gas-natural-en-el-nou-mon-energetic\/"},"modified":"2021-11-03T13:47:37","modified_gmt":"2021-11-03T12:47:37","slug":"el-gas-natural-en-el-nou-mon-energetic","status":"publish","type":"product","link":"https:\/\/www.fundacionnaturgy.org\/ca\/publicacion\/el-gas-natural-en-el-nou-mon-energetic\/","title":{"rendered":"El gas natural en el nou m\u00f3n energ\u00e8tic"},"content":{"rendered":"<p>Vaclav Smil analitza la situaci\u00f3 actual del gas natural i el paper que pot i ha de tenir en la transici\u00f3 energ\u00e8tica tenint en compte les seves caracter\u00edstiques, l\u2019oferta, la demanda, i els objectius mediambientals a escala mundial.<\/p>\n","protected":false},"excerpt":{"rendered":"<p>Vaclav Smil analitza la situaci\u00f3 actual del gas natural i el paper que pot i ha de tenir en la transici\u00f3 energ\u00e8tica tenint en compte les seves caracter\u00edstiques, l\u2019oferta, la demanda, i els objectius mediambientals a escala mundial.<\/p>\n","protected":false},"featured_media":80000,"template":"","meta":{"inline_featured_image":false},"categories":[1200,1202,1205,1208],"content-type":[1166,1169],"product_tag":[],"acf":[],"post_class":["post-80528","product","type-product","status-publish","has-post-thumbnail","hentry","category-eficiencia-energetica-ca","category-energies-renovables","category-medi-ambient","category-transicio-energetica","content-type-articles-e-informes","content-type-videos","wordpress-sticky"],"_links":{"self":[{"href":"https:\/\/www.fundacionnaturgy.org\/ca\/wp-json\/wp\/v2\/product\/80528"}],"collection":[{"href":"https:\/\/www.fundacionnaturgy.org\/ca\/wp-json\/wp\/v2\/product"}],"about":[{"href":"https:\/\/www.fundacionnaturgy.org\/ca\/wp-json\/wp\/v2\/types\/product"}],"wp:featuredmedia":[{"embeddable":true,"href":"https:\/\/www.fundacionnaturgy.org\/ca\/wp-json\/wp\/v2\/media\/80000"}],"wp:attachment":[{"href":"https:\/\/www.fundacionnaturgy.org\/ca\/wp-json\/wp\/v2\/media?parent=80528"}],"wp:term":[{"taxonomy":"category","embeddable":true,"href":"https:\/\/www.fundacionnaturgy.org\/ca\/wp-json\/wp\/v2\/categories?post=80528"},{"taxonomy":"content-type","embeddable":true,"href":"https:\/\/www.fundacionnaturgy.org\/ca\/wp-json\/wp\/v2\/content-type?post=80528"},{"taxonomy":"product_tag","embeddable":true,"href":"https:\/\/www.fundacionnaturgy.org\/ca\/wp-json\/wp\/v2\/product_tag?post=80528"}],"curies":[{"name":"wp","href":"https:\/\/api.w.org\/{rel}","templated":true}]}}