{"id":80531,"date":"2021-11-10T11:14:52","date_gmt":"2021-11-10T10:14:52","guid":{"rendered":"https:\/\/www.fundacionnaturgy.org\/producto\/situacio-economicofinancera-de-les-principals-empreses-del-sector-electric-a-espanya-2018-2020\/"},"modified":"2021-11-10T11:14:52","modified_gmt":"2021-11-10T10:14:52","slug":"situacio-economicofinancera-de-les-principals-empreses-del-sector-electric-a-espanya-2018-2020","status":"publish","type":"product","link":"https:\/\/www.fundacionnaturgy.org\/ca\/publicacion\/situacio-economicofinancera-de-les-principals-empreses-del-sector-electric-a-espanya-2018-2020\/","title":{"rendered":"Situaci\u00f3 economicofinancera de les principals empreses del sector el\u00e8ctric a Espanya 2018-2020"},"content":{"rendered":null,"protected":false},"excerpt":{"rendered":"<p>La voluntat d\u2019aquest estudi i de la seva actualitzaci\u00f3 anual \u00e9s aportar informaci\u00f3 contrastable i veure l\u2019evoluci\u00f3 de la situaci\u00f3 economicofinancera del sector el\u00e8ctric a Espanya, entenent aquest sector com l\u2019agrupaci\u00f3 de les activitats de generaci\u00f3, comercialitzaci\u00f3 i distribuci\u00f3 el\u00e8ctrica. Les an\u00e0lisis efectuades s\u2019han basat, fonamentalment, en la informaci\u00f3 p\u00fablica disponible dels principals grups diversificats del sector el\u00e8ctric espanyol.<\/p>\n","protected":false},"featured_media":80124,"template":"","meta":{"inline_featured_image":false},"categories":[1201,1202,1205,1208],"content-type":[1166,1169],"product_tag":[],"acf":[],"post_class":["post-80531","product","type-product","status-publish","has-post-thumbnail","hentry","category-energia-i-transport","category-energies-renovables","category-medi-ambient","category-transicio-energetica","content-type-articles-e-informes","content-type-videos","wordpress-sticky"],"_links":{"self":[{"href":"https:\/\/www.fundacionnaturgy.org\/ca\/wp-json\/wp\/v2\/product\/80531"}],"collection":[{"href":"https:\/\/www.fundacionnaturgy.org\/ca\/wp-json\/wp\/v2\/product"}],"about":[{"href":"https:\/\/www.fundacionnaturgy.org\/ca\/wp-json\/wp\/v2\/types\/product"}],"wp:featuredmedia":[{"embeddable":true,"href":"https:\/\/www.fundacionnaturgy.org\/ca\/wp-json\/wp\/v2\/media\/80124"}],"wp:attachment":[{"href":"https:\/\/www.fundacionnaturgy.org\/ca\/wp-json\/wp\/v2\/media?parent=80531"}],"wp:term":[{"taxonomy":"category","embeddable":true,"href":"https:\/\/www.fundacionnaturgy.org\/ca\/wp-json\/wp\/v2\/categories?post=80531"},{"taxonomy":"content-type","embeddable":true,"href":"https:\/\/www.fundacionnaturgy.org\/ca\/wp-json\/wp\/v2\/content-type?post=80531"},{"taxonomy":"product_tag","embeddable":true,"href":"https:\/\/www.fundacionnaturgy.org\/ca\/wp-json\/wp\/v2\/product_tag?post=80531"}],"curies":[{"name":"wp","href":"https:\/\/api.w.org\/{rel}","templated":true}]}}