{"id":80533,"date":"2021-10-21T11:27:23","date_gmt":"2021-10-21T09:27:23","guid":{"rendered":"https:\/\/www.fundacionnaturgy.org\/producto\/video-seminari-web-converses-sobre-el-desenvolupament-de-les-renovables-a-europa-present-i-futur-amb-diego-pavia-i-pablo-zalba\/"},"modified":"2021-10-21T11:27:23","modified_gmt":"2021-10-21T09:27:23","slug":"video-seminari-web-converses-sobre-el-desenvolupament-de-les-renovables-a-europa-present-i-futur-amb-diego-pavia-i-pablo-zalba","status":"publish","type":"product","link":"https:\/\/www.fundacionnaturgy.org\/ca\/publicacion\/video-seminari-web-converses-sobre-el-desenvolupament-de-les-renovables-a-europa-present-i-futur-amb-diego-pavia-i-pablo-zalba\/","title":{"rendered":"V\u00eddeo seminari web \u201cConverses sobre el desenvolupament de les renovables a Europa: present i futur amb Diego Pav\u00eda i Pablo Zalba\u201d"},"content":{"rendered":null,"protected":false},"excerpt":{"rendered":"<p>Fundaci\u00f3 Naturgy i el Cap\u00edtulo Espa\u00f1ol del Club de Roma van celebrar el passat 21 d\u2019octubre el tercer seminari web basat en converses entre experts al voltant de temes d\u2019actualitat relacionats amb l\u2019energia, el medi ambient i la sostenibilitat.<\/p>\n","protected":false},"featured_media":79729,"template":"","meta":{"inline_featured_image":false},"categories":[1202,1205,1207,1208],"content-type":[1169],"product_tag":[],"acf":[],"post_class":["post-80533","product","type-product","status-publish","has-post-thumbnail","hentry","category-energies-renovables","category-medi-ambient","category-qualitat-de-laire","category-transicio-energetica","content-type-videos","wordpress-sticky"],"_links":{"self":[{"href":"https:\/\/www.fundacionnaturgy.org\/ca\/wp-json\/wp\/v2\/product\/80533"}],"collection":[{"href":"https:\/\/www.fundacionnaturgy.org\/ca\/wp-json\/wp\/v2\/product"}],"about":[{"href":"https:\/\/www.fundacionnaturgy.org\/ca\/wp-json\/wp\/v2\/types\/product"}],"wp:featuredmedia":[{"embeddable":true,"href":"https:\/\/www.fundacionnaturgy.org\/ca\/wp-json\/wp\/v2\/media\/79729"}],"wp:attachment":[{"href":"https:\/\/www.fundacionnaturgy.org\/ca\/wp-json\/wp\/v2\/media?parent=80533"}],"wp:term":[{"taxonomy":"category","embeddable":true,"href":"https:\/\/www.fundacionnaturgy.org\/ca\/wp-json\/wp\/v2\/categories?post=80533"},{"taxonomy":"content-type","embeddable":true,"href":"https:\/\/www.fundacionnaturgy.org\/ca\/wp-json\/wp\/v2\/content-type?post=80533"},{"taxonomy":"product_tag","embeddable":true,"href":"https:\/\/www.fundacionnaturgy.org\/ca\/wp-json\/wp\/v2\/product_tag?post=80533"}],"curies":[{"name":"wp","href":"https:\/\/api.w.org\/{rel}","templated":true}]}}