{"id":80535,"date":"2021-11-11T14:27:44","date_gmt":"2021-11-11T13:27:44","guid":{"rendered":"https:\/\/www.fundacionnaturgy.org\/producto\/video-acte-formacio-professional-per-a-locupabilitat-el-paper-clau-dels-agents-implicats\/"},"modified":"2022-11-09T15:48:22","modified_gmt":"2022-11-09T14:48:22","slug":"video-acte-formacio-professional-per-a-locupabilitat-el-paper-clau-dels-agents-implicats","status":"publish","type":"product","link":"https:\/\/www.fundacionnaturgy.org\/ca\/publicacion\/video-acte-formacio-professional-per-a-locupabilitat-el-paper-clau-dels-agents-implicats\/","title":{"rendered":"V\u00eddeo acte &#8220;Formaci\u00f3 professional per a l\u2019ocupabilitat. El paper clau dels agents implicats&#8221;"},"content":{"rendered":null,"protected":false},"excerpt":{"rendered":"<p>Acte de presentaci\u00f3 dels nous materials de suport a la formaci\u00f3 professional per a l\u2019ocupabilitat de la Fundaci\u00f3 Naturgy, que va tenir lloc dijous passat, 11 de novembre de 2021, amb la participaci\u00f3 del Servei P\u00fablic d\u2019Ocupaci\u00f3 Estatal (SEPE) i l\u2019Institut Nacional de les Qualificacions del Ministeri d\u2019Educaci\u00f3 i Formaci\u00f3 Professional (INCUAL &#8211; MEFP).<\/p>\n","protected":false},"featured_media":80024,"template":"","meta":{"inline_featured_image":false},"categories":[242],"content-type":[1169],"product_tag":[],"acf":[],"post_class":["post-80535","product","type-product","status-publish","has-post-thumbnail","hentry","category-educacio-divulgacio","content-type-videos","wordpress-sticky"],"_links":{"self":[{"href":"https:\/\/www.fundacionnaturgy.org\/ca\/wp-json\/wp\/v2\/product\/80535"}],"collection":[{"href":"https:\/\/www.fundacionnaturgy.org\/ca\/wp-json\/wp\/v2\/product"}],"about":[{"href":"https:\/\/www.fundacionnaturgy.org\/ca\/wp-json\/wp\/v2\/types\/product"}],"wp:featuredmedia":[{"embeddable":true,"href":"https:\/\/www.fundacionnaturgy.org\/ca\/wp-json\/wp\/v2\/media\/80024"}],"wp:attachment":[{"href":"https:\/\/www.fundacionnaturgy.org\/ca\/wp-json\/wp\/v2\/media?parent=80535"}],"wp:term":[{"taxonomy":"category","embeddable":true,"href":"https:\/\/www.fundacionnaturgy.org\/ca\/wp-json\/wp\/v2\/categories?post=80535"},{"taxonomy":"content-type","embeddable":true,"href":"https:\/\/www.fundacionnaturgy.org\/ca\/wp-json\/wp\/v2\/content-type?post=80535"},{"taxonomy":"product_tag","embeddable":true,"href":"https:\/\/www.fundacionnaturgy.org\/ca\/wp-json\/wp\/v2\/product_tag?post=80535"}],"curies":[{"name":"wp","href":"https:\/\/api.w.org\/{rel}","templated":true}]}}