{"id":80537,"date":"2021-11-29T14:18:47","date_gmt":"2021-11-29T13:18:47","guid":{"rendered":"https:\/\/www.fundacionnaturgy.org\/producto\/video-seminari-web-conversaciones-sobre-el-cambio-climatico-conclusiones-de-glasgow-cop26-con-teresa-solana-y-pedro-linares\/"},"modified":"2021-11-29T14:18:47","modified_gmt":"2021-11-29T13:18:47","slug":"video-seminari-web-conversaciones-sobre-el-cambio-climatico-conclusiones-de-glasgow-cop26-con-teresa-solana-y-pedro-linares","status":"publish","type":"product","link":"https:\/\/www.fundacionnaturgy.org\/ca\/publicacion\/video-seminari-web-conversaciones-sobre-el-cambio-climatico-conclusiones-de-glasgow-cop26-con-teresa-solana-y-pedro-linares\/","title":{"rendered":"V\u00eddeo seminari web \u201cConversaciones sobre el Cambio Clim\u00e1tico: conclusiones de Glasgow COP26 con Teresa Solana y Pedro Linares\u201d"},"content":{"rendered":null,"protected":false},"excerpt":{"rendered":"<p>Fundaci\u00f3 Naturgy i el Cap\u00edtulo Espa\u00f1ol del Club de Roma van celebrar el passat 26 de novembre el quart seminari web basat en converses entre experts al voltant de temes d\u2019actualitat relacionats amb l\u2019energia, el medi ambient i la sostenibilitat.<\/p>\n","protected":false},"featured_media":78164,"template":"","meta":{"inline_featured_image":false},"categories":[1201,1202,1205,1207,1208],"content-type":[1169],"product_tag":[],"acf":[],"post_class":["post-80537","product","type-product","status-publish","has-post-thumbnail","hentry","category-energia-i-transport","category-energies-renovables","category-medi-ambient","category-qualitat-de-laire","category-transicio-energetica","content-type-videos","wordpress-sticky"],"_links":{"self":[{"href":"https:\/\/www.fundacionnaturgy.org\/ca\/wp-json\/wp\/v2\/product\/80537"}],"collection":[{"href":"https:\/\/www.fundacionnaturgy.org\/ca\/wp-json\/wp\/v2\/product"}],"about":[{"href":"https:\/\/www.fundacionnaturgy.org\/ca\/wp-json\/wp\/v2\/types\/product"}],"wp:featuredmedia":[{"embeddable":true,"href":"https:\/\/www.fundacionnaturgy.org\/ca\/wp-json\/wp\/v2\/media\/78164"}],"wp:attachment":[{"href":"https:\/\/www.fundacionnaturgy.org\/ca\/wp-json\/wp\/v2\/media?parent=80537"}],"wp:term":[{"taxonomy":"category","embeddable":true,"href":"https:\/\/www.fundacionnaturgy.org\/ca\/wp-json\/wp\/v2\/categories?post=80537"},{"taxonomy":"content-type","embeddable":true,"href":"https:\/\/www.fundacionnaturgy.org\/ca\/wp-json\/wp\/v2\/content-type?post=80537"},{"taxonomy":"product_tag","embeddable":true,"href":"https:\/\/www.fundacionnaturgy.org\/ca\/wp-json\/wp\/v2\/product_tag?post=80537"}],"curies":[{"name":"wp","href":"https:\/\/api.w.org\/{rel}","templated":true}]}}