{"id":80539,"date":"2021-12-16T08:04:14","date_gmt":"2021-12-16T07:04:14","guid":{"rendered":"https:\/\/www.fundacionnaturgy.org\/producto\/lelectricitat-a-espanya-formacio-del-preu-composicio-de-la-factura-i-comparativa-amb-altres-paisos\/"},"modified":"2022-11-09T15:46:06","modified_gmt":"2022-11-09T14:46:06","slug":"lelectricitat-a-espanya-formacio-del-preu-composicio-de-la-factura-i-comparativa-amb-altres-paisos","status":"publish","type":"product","link":"https:\/\/www.fundacionnaturgy.org\/ca\/publicacion\/lelectricitat-a-espanya-formacio-del-preu-composicio-de-la-factura-i-comparativa-amb-altres-paisos\/","title":{"rendered":"L\u2019electricitat a Espanya: formaci\u00f3 del preu, composici\u00f3 de la factura i comparativa amb altres pa\u00efsos"},"content":{"rendered":null,"protected":false},"excerpt":{"rendered":"<p>El sistema el\u00e8ctric espanyol est\u00e0 experimentant una important transformaci\u00f3 cap a un model baix en emissions de gasos amb efecte d\u2019hivernacle, emmarcat en acords energ\u00e8tics i mediambientals tant europeus com internacionals.\u00a0Aquest informe t\u00e9 com objectiu principal explicar la formaci\u00f3 de preus d\u2019electricitat a Espanya i la comparaci\u00f3 amb altres pa\u00efsos europeus.<\/p>\n","protected":false},"featured_media":80332,"template":"","meta":{"inline_featured_image":false},"categories":[1202,1204,1205,1208],"content-type":[1166,1169],"product_tag":[],"acf":[],"post_class":["post-80539","product","type-product","status-publish","has-post-thumbnail","hentry","category-energies-renovables","category-innovacio-tecnologica","category-medi-ambient","category-transicio-energetica","content-type-articles-e-informes","content-type-videos","wordpress-sticky"],"_links":{"self":[{"href":"https:\/\/www.fundacionnaturgy.org\/ca\/wp-json\/wp\/v2\/product\/80539"}],"collection":[{"href":"https:\/\/www.fundacionnaturgy.org\/ca\/wp-json\/wp\/v2\/product"}],"about":[{"href":"https:\/\/www.fundacionnaturgy.org\/ca\/wp-json\/wp\/v2\/types\/product"}],"wp:featuredmedia":[{"embeddable":true,"href":"https:\/\/www.fundacionnaturgy.org\/ca\/wp-json\/wp\/v2\/media\/80332"}],"wp:attachment":[{"href":"https:\/\/www.fundacionnaturgy.org\/ca\/wp-json\/wp\/v2\/media?parent=80539"}],"wp:term":[{"taxonomy":"category","embeddable":true,"href":"https:\/\/www.fundacionnaturgy.org\/ca\/wp-json\/wp\/v2\/categories?post=80539"},{"taxonomy":"content-type","embeddable":true,"href":"https:\/\/www.fundacionnaturgy.org\/ca\/wp-json\/wp\/v2\/content-type?post=80539"},{"taxonomy":"product_tag","embeddable":true,"href":"https:\/\/www.fundacionnaturgy.org\/ca\/wp-json\/wp\/v2\/product_tag?post=80539"}],"curies":[{"name":"wp","href":"https:\/\/api.w.org\/{rel}","templated":true}]}}