{"id":80541,"date":"2021-12-01T13:14:42","date_gmt":"2021-12-01T12:14:42","guid":{"rendered":"https:\/\/www.fundacionnaturgy.org\/producto\/la-contribucio-del-sector-energetic-espanyol-als-nous-objectius-socials-europeus\/"},"modified":"2022-11-09T15:46:07","modified_gmt":"2022-11-09T14:46:07","slug":"la-contribucio-del-sector-energetic-espanyol-als-nous-objectius-socials-europeus","status":"publish","type":"product","link":"https:\/\/www.fundacionnaturgy.org\/ca\/publicacion\/la-contribucio-del-sector-energetic-espanyol-als-nous-objectius-socials-europeus\/","title":{"rendered":"La contribuci\u00f3 del sector energ\u00e8tic espanyol als nous objectius socials europeus"},"content":{"rendered":null,"protected":false},"excerpt":{"rendered":"<p>El model econ\u00f2mic actual est\u00e0 virant cap a un model m\u00e9s sostenible, resilient i just. S\u00f3n moltes les iniciatives que s\u2019han posat en marxa per fer possible aquest canvi, provinents de tots els actors socials.<\/p>\n","protected":false},"featured_media":80328,"template":"","meta":{"inline_featured_image":false},"categories":[1200,1202,1205,1208,1209],"content-type":[1166,1169],"product_tag":[],"acf":[],"post_class":["post-80541","product","type-product","status-publish","has-post-thumbnail","hentry","category-eficiencia-energetica-ca","category-energies-renovables","category-medi-ambient","category-transicio-energetica","category-vulnerabilitat-energetica","content-type-articles-e-informes","content-type-videos","wordpress-sticky"],"_links":{"self":[{"href":"https:\/\/www.fundacionnaturgy.org\/ca\/wp-json\/wp\/v2\/product\/80541"}],"collection":[{"href":"https:\/\/www.fundacionnaturgy.org\/ca\/wp-json\/wp\/v2\/product"}],"about":[{"href":"https:\/\/www.fundacionnaturgy.org\/ca\/wp-json\/wp\/v2\/types\/product"}],"wp:featuredmedia":[{"embeddable":true,"href":"https:\/\/www.fundacionnaturgy.org\/ca\/wp-json\/wp\/v2\/media\/80328"}],"wp:attachment":[{"href":"https:\/\/www.fundacionnaturgy.org\/ca\/wp-json\/wp\/v2\/media?parent=80541"}],"wp:term":[{"taxonomy":"category","embeddable":true,"href":"https:\/\/www.fundacionnaturgy.org\/ca\/wp-json\/wp\/v2\/categories?post=80541"},{"taxonomy":"content-type","embeddable":true,"href":"https:\/\/www.fundacionnaturgy.org\/ca\/wp-json\/wp\/v2\/content-type?post=80541"},{"taxonomy":"product_tag","embeddable":true,"href":"https:\/\/www.fundacionnaturgy.org\/ca\/wp-json\/wp\/v2\/product_tag?post=80541"}],"curies":[{"name":"wp","href":"https:\/\/api.w.org\/{rel}","templated":true}]}}