{"id":80543,"date":"2021-12-10T13:25:31","date_gmt":"2021-12-10T12:25:31","guid":{"rendered":"https:\/\/www.fundacionnaturgy.org\/producto\/video-del-seminari-web-converses-sobre-la-sostenibilitat-vista-per-les-corporacions-i-els-inversors-amb-jaime-silos-i-ana-claver\/"},"modified":"2022-11-09T15:46:07","modified_gmt":"2022-11-09T14:46:07","slug":"video-del-seminari-web-converses-sobre-la-sostenibilitat-vista-per-les-corporacions-i-els-inversors-amb-jaime-silos-i-ana-claver","status":"publish","type":"product","link":"https:\/\/www.fundacionnaturgy.org\/ca\/publicacion\/video-del-seminari-web-converses-sobre-la-sostenibilitat-vista-per-les-corporacions-i-els-inversors-amb-jaime-silos-i-ana-claver\/","title":{"rendered":"V\u00eddeo del seminari web \u201cConverses sobre la sostenibilitat vista per les corporacions i els inversors amb Jaime Silos i Ana Claver\u201d"},"content":{"rendered":null,"protected":false},"excerpt":{"rendered":"<p>Fundaci\u00f3 Naturgy i el Cap\u00edtulo Espa\u00f1ol del Club de Roma van celebrar el passat 15 de desembre el cinqu\u00e8 seminari web basat en converses entre experts al voltant de temes d\u2019actualitat relacionats amb l\u2019energia, el medi ambient i la sostenibilitat.<\/p>\n","protected":false},"featured_media":80315,"template":"","meta":{"inline_featured_image":false},"categories":[1202,1205,1208],"content-type":[1169],"product_tag":[],"acf":[],"post_class":["post-80543","product","type-product","status-publish","has-post-thumbnail","hentry","category-energies-renovables","category-medi-ambient","category-transicio-energetica","content-type-videos","wordpress-sticky"],"_links":{"self":[{"href":"https:\/\/www.fundacionnaturgy.org\/ca\/wp-json\/wp\/v2\/product\/80543"}],"collection":[{"href":"https:\/\/www.fundacionnaturgy.org\/ca\/wp-json\/wp\/v2\/product"}],"about":[{"href":"https:\/\/www.fundacionnaturgy.org\/ca\/wp-json\/wp\/v2\/types\/product"}],"wp:featuredmedia":[{"embeddable":true,"href":"https:\/\/www.fundacionnaturgy.org\/ca\/wp-json\/wp\/v2\/media\/80315"}],"wp:attachment":[{"href":"https:\/\/www.fundacionnaturgy.org\/ca\/wp-json\/wp\/v2\/media?parent=80543"}],"wp:term":[{"taxonomy":"category","embeddable":true,"href":"https:\/\/www.fundacionnaturgy.org\/ca\/wp-json\/wp\/v2\/categories?post=80543"},{"taxonomy":"content-type","embeddable":true,"href":"https:\/\/www.fundacionnaturgy.org\/ca\/wp-json\/wp\/v2\/content-type?post=80543"},{"taxonomy":"product_tag","embeddable":true,"href":"https:\/\/www.fundacionnaturgy.org\/ca\/wp-json\/wp\/v2\/product_tag?post=80543"}],"curies":[{"name":"wp","href":"https:\/\/api.w.org\/{rel}","templated":true}]}}