{"id":83685,"date":"2022-10-21T13:26:07","date_gmt":"2022-10-21T11:26:07","guid":{"rendered":"https:\/\/www.fundacionnaturgy.org\/producto\/informe-2021-el-sector-espanyol-del-gas-natural-en-numeros\/"},"modified":"2023-05-19T13:18:53","modified_gmt":"2023-05-19T11:18:53","slug":"informe-2021-el-sector-espanyol-del-gas-natural-en-numeros","status":"publish","type":"product","link":"https:\/\/www.fundacionnaturgy.org\/ca\/publicacion\/informe-2021-el-sector-espanyol-del-gas-natural-en-numeros\/","title":{"rendered":"Informe 2021. El sector espanyol del gas natural en n\u00fameros"},"content":{"rendered":null,"protected":false},"excerpt":{"rendered":"<p>Fundaci\u00f3 Naturgy presenta la nova edici\u00f3 de l&#8217;Informe anual sobre <strong>El sector espanyol del gas en n\u00fameros<\/strong>, que recull de forma senzilla totes les dades oficials publicades d&#8217;aquesta activitat, amb especial \u00e8mfasi en les de naturalesa econ\u00f2mica. L&#8217;informe recopila de manera ordenada tota la informaci\u00f3 corresponent a l&#8217;any 2021 i la complementa amb la del per\u00edode 2017-2021, per poder comprendre millor l&#8217;evoluci\u00f3 d&#8217;aquest sector econ\u00f2mic.<\/p>\n","protected":false},"featured_media":83686,"template":"","meta":{"inline_featured_image":false},"categories":[1205,1208],"content-type":[1166,1169],"product_tag":[],"acf":[],"post_class":["post-83685","product","type-product","status-publish","has-post-thumbnail","hentry","category-medi-ambient","category-transicio-energetica","content-type-articles-e-informes","content-type-videos","wordpress-sticky"],"_links":{"self":[{"href":"https:\/\/www.fundacionnaturgy.org\/ca\/wp-json\/wp\/v2\/product\/83685"}],"collection":[{"href":"https:\/\/www.fundacionnaturgy.org\/ca\/wp-json\/wp\/v2\/product"}],"about":[{"href":"https:\/\/www.fundacionnaturgy.org\/ca\/wp-json\/wp\/v2\/types\/product"}],"wp:featuredmedia":[{"embeddable":true,"href":"https:\/\/www.fundacionnaturgy.org\/ca\/wp-json\/wp\/v2\/media\/83686"}],"wp:attachment":[{"href":"https:\/\/www.fundacionnaturgy.org\/ca\/wp-json\/wp\/v2\/media?parent=83685"}],"wp:term":[{"taxonomy":"category","embeddable":true,"href":"https:\/\/www.fundacionnaturgy.org\/ca\/wp-json\/wp\/v2\/categories?post=83685"},{"taxonomy":"content-type","embeddable":true,"href":"https:\/\/www.fundacionnaturgy.org\/ca\/wp-json\/wp\/v2\/content-type?post=83685"},{"taxonomy":"product_tag","embeddable":true,"href":"https:\/\/www.fundacionnaturgy.org\/ca\/wp-json\/wp\/v2\/product_tag?post=83685"}],"curies":[{"name":"wp","href":"https:\/\/api.w.org\/{rel}","templated":true}]}}