{"id":83688,"date":"2022-10-21T11:55:01","date_gmt":"2022-10-21T09:55:01","guid":{"rendered":"https:\/\/www.fundacionnaturgy.org\/producto\/informe-2021-el-sector-electric-espanyol-en-numeros\/"},"modified":"2023-05-19T13:18:19","modified_gmt":"2023-05-19T11:18:19","slug":"informe-2021-el-sector-electric-espanyol-en-numeros","status":"publish","type":"product","link":"https:\/\/www.fundacionnaturgy.org\/ca\/publicacion\/informe-2021-el-sector-electric-espanyol-en-numeros\/","title":{"rendered":"Informe 2021. El sector el\u00e8ctric espanyol en n\u00fameros"},"content":{"rendered":"<p>Fundaci\u00f3 Naturgy presenta la nova edici\u00f3 de l&#8217;Informe anual sobre <strong>El sector el\u00e8ctric espanyol en n\u00fameros<\/strong>, que recull de forma senzilla totes les dades oficials publicades d&#8217;aquesta activitat, amb especial \u00e8mfasi en les de naturalesa econ\u00f2mica. L&#8217;informe recopila de manera ordenada tota la informaci\u00f3 corresponent a l&#8217;any 2021 i la complementa amb la del per\u00edode 2017-2021, per poder comprendre millor l&#8217;evoluci\u00f3 d&#8217;aquest sector econ\u00f2mic.<\/p>\n<p>Tamb\u00e9 s&#8217;hi inclou un v\u00eddeo, on l&#8217;economista i consultor en mercats energ\u00e8tics <strong>Miguel A. Lasheras <\/strong>comenta la situaci\u00f3 que estem vivint actualment al sector energ\u00e8tic i la relaciona amb algunes de les dades m\u00e9s rellevants que s&#8217;han observat l&#8217;any 2021 i que figuren al document.<\/p>\n","protected":false},"excerpt":{"rendered":"<p>Fundaci\u00f3 Naturgy presenta la nova edici\u00f3 de l&#8217;Informe anual sobre <strong>El sector el\u00e8ctric espanyol en n\u00fameros<\/strong>, que recull de forma senzilla totes les dades oficials publicades d&#8217;aquesta activitat, amb especial \u00e8mfasi en les de naturalesa econ\u00f2mica. L&#8217;informe recopila de manera ordenada tota la informaci\u00f3 corresponent a l&#8217;any 2021 i la complementa amb la del per\u00edode 2017-2021, per poder comprendre millor l&#8217;evoluci\u00f3 d&#8217;aquest sector econ\u00f2mic.<\/p>\n<p>Tamb\u00e9 s&#8217;hi inclou un v\u00eddeo, on l&#8217;economista i consultor en mercats energ\u00e8tics <strong>Miguel A. Lasheras <\/strong>comenta la situaci\u00f3 que estem vivint actualment al sector energ\u00e8tic i la relaciona amb algunes de les dades m\u00e9s rellevants que s&#8217;han observat l&#8217;any 2021 i que figuren al document.<\/p>\n","protected":false},"featured_media":82589,"template":"","meta":{"inline_featured_image":false},"categories":[1205,1208],"content-type":[1166,1169],"product_tag":[],"acf":[],"post_class":["post-83688","product","type-product","status-publish","has-post-thumbnail","hentry","category-medi-ambient","category-transicio-energetica","content-type-articles-e-informes","content-type-videos","wordpress-sticky"],"_links":{"self":[{"href":"https:\/\/www.fundacionnaturgy.org\/ca\/wp-json\/wp\/v2\/product\/83688"}],"collection":[{"href":"https:\/\/www.fundacionnaturgy.org\/ca\/wp-json\/wp\/v2\/product"}],"about":[{"href":"https:\/\/www.fundacionnaturgy.org\/ca\/wp-json\/wp\/v2\/types\/product"}],"wp:featuredmedia":[{"embeddable":true,"href":"https:\/\/www.fundacionnaturgy.org\/ca\/wp-json\/wp\/v2\/media\/82589"}],"wp:attachment":[{"href":"https:\/\/www.fundacionnaturgy.org\/ca\/wp-json\/wp\/v2\/media?parent=83688"}],"wp:term":[{"taxonomy":"category","embeddable":true,"href":"https:\/\/www.fundacionnaturgy.org\/ca\/wp-json\/wp\/v2\/categories?post=83688"},{"taxonomy":"content-type","embeddable":true,"href":"https:\/\/www.fundacionnaturgy.org\/ca\/wp-json\/wp\/v2\/content-type?post=83688"},{"taxonomy":"product_tag","embeddable":true,"href":"https:\/\/www.fundacionnaturgy.org\/ca\/wp-json\/wp\/v2\/product_tag?post=83688"}],"curies":[{"name":"wp","href":"https:\/\/api.w.org\/{rel}","templated":true}]}}