{"id":83689,"date":"2022-10-10T11:05:51","date_gmt":"2022-10-10T09:05:51","guid":{"rendered":"https:\/\/www.fundacionnaturgy.org\/producto\/lactivitat-de-promocio-de-generacio-renovable-a-espanya\/"},"modified":"2023-05-19T13:17:42","modified_gmt":"2023-05-19T11:17:42","slug":"lactivitat-de-promocio-de-generacio-renovable-a-espanya","status":"publish","type":"product","link":"https:\/\/www.fundacionnaturgy.org\/ca\/publicacion\/lactivitat-de-promocio-de-generacio-renovable-a-espanya\/","title":{"rendered":"L&#8217;activitat de promoci\u00f3 de generaci\u00f3 renovable a Espanya"},"content":{"rendered":"<p>Europa ha de fer front a una doble transici\u00f3 energ\u00e8tica, la relacionada amb els objectius de descarbonitzaci\u00f3 i la motivada pel conflicte b\u00e8l\u00b7lic a Ucra\u00efna, la que ens ha de proporcionar una energia m\u00e9s segura i accessible. En totes dues transicions, les energies renovables resultaran claus.<\/p>\n","protected":false},"excerpt":{"rendered":"<p>Europa ha de fer front a una doble transici\u00f3 energ\u00e8tica, la relacionada amb els objectius de descarbonitzaci\u00f3 i la motivada pel conflicte b\u00e8l\u00b7lic a Ucra\u00efna, la que ens ha de proporcionar una energia m\u00e9s segura i accessible. En totes dues transicions, les energies renovables resultaran claus.<\/p>\n","protected":false},"featured_media":83308,"template":"","meta":{"inline_featured_image":false},"categories":[1202,1205,1208],"content-type":[1166,1169],"product_tag":[],"acf":[],"post_class":["post-83689","product","type-product","status-publish","has-post-thumbnail","hentry","category-energies-renovables","category-medi-ambient","category-transicio-energetica","content-type-articles-e-informes","content-type-videos","wordpress-sticky"],"_links":{"self":[{"href":"https:\/\/www.fundacionnaturgy.org\/ca\/wp-json\/wp\/v2\/product\/83689"}],"collection":[{"href":"https:\/\/www.fundacionnaturgy.org\/ca\/wp-json\/wp\/v2\/product"}],"about":[{"href":"https:\/\/www.fundacionnaturgy.org\/ca\/wp-json\/wp\/v2\/types\/product"}],"wp:featuredmedia":[{"embeddable":true,"href":"https:\/\/www.fundacionnaturgy.org\/ca\/wp-json\/wp\/v2\/media\/83308"}],"wp:attachment":[{"href":"https:\/\/www.fundacionnaturgy.org\/ca\/wp-json\/wp\/v2\/media?parent=83689"}],"wp:term":[{"taxonomy":"category","embeddable":true,"href":"https:\/\/www.fundacionnaturgy.org\/ca\/wp-json\/wp\/v2\/categories?post=83689"},{"taxonomy":"content-type","embeddable":true,"href":"https:\/\/www.fundacionnaturgy.org\/ca\/wp-json\/wp\/v2\/content-type?post=83689"},{"taxonomy":"product_tag","embeddable":true,"href":"https:\/\/www.fundacionnaturgy.org\/ca\/wp-json\/wp\/v2\/product_tag?post=83689"}],"curies":[{"name":"wp","href":"https:\/\/api.w.org\/{rel}","templated":true}]}}