{"id":83690,"date":"2022-10-06T09:46:34","date_gmt":"2022-10-06T07:46:34","guid":{"rendered":"https:\/\/www.fundacionnaturgy.org\/producto\/el-transport-dhidrogen-la-importancia-de-lamoniac\/"},"modified":"2022-10-31T14:55:50","modified_gmt":"2022-10-31T13:55:50","slug":"el-transport-dhidrogen-la-importancia-de-lamoniac","status":"publish","type":"product","link":"https:\/\/www.fundacionnaturgy.org\/ca\/publicacion\/el-transport-dhidrogen-la-importancia-de-lamoniac\/","title":{"rendered":"El transport dhidrogen. La import\u00e0ncia de l&#8217;amon\u00edac"},"content":{"rendered":"<p>La Fundaci\u00f3 Naturgy presenta l&#8217;Informe El transport d&#8217;hidrogen. La import\u00e0ncia de l&#8217;amon\u00edac, realitzat per Frontier Economics.<\/p>\n<p>S&#8217;hi aborden les diferents possibilitats de transport d&#8217;aquest gas, amb qu\u00e8 s&#8217;estima cobrir entre un 13 i un 25% de l&#8217;energia mundial el 2050, i com l&#8217;amon\u00edac pot jugar un paper rellevant en el transport, a m\u00e9s de ser fonamental per a la producci\u00f3 de fertilitzants, podent substituir altres combustibles.<\/p>\n<p>Pots veure el v\u00eddeo on es repassen els aspectes m\u00e9s rellevants i descarregar-te l&#8217;informe complet.<\/p>\n","protected":false},"excerpt":{"rendered":"<p>La Fundaci\u00f3 Naturgy presenta l&#8217;Informe El transport d&#8217;hidrogen. La import\u00e0ncia de l&#8217;amon\u00edac, realitzat per Frontier Economics.<\/p>\n<p>S&#8217;hi aborden les diferents possibilitats de transport d&#8217;aquest gas, amb qu\u00e8 s&#8217;estima cobrir entre un 13 i un 25% de l&#8217;energia mundial el 2050, i com l&#8217;amon\u00edac pot jugar un paper rellevant en el transport, a m\u00e9s de ser fonamental per a la producci\u00f3 de fertilitzants, podent substituir altres combustibles.<\/p>\n","protected":false},"featured_media":83659,"template":"","meta":{"inline_featured_image":false},"categories":[1201,1202,1205,1208],"content-type":[1166,1169],"product_tag":[],"acf":[],"post_class":["post-83690","product","type-product","status-publish","has-post-thumbnail","hentry","category-energia-i-transport","category-energies-renovables","category-medi-ambient","category-transicio-energetica","content-type-articles-e-informes","content-type-videos","wordpress-sticky"],"_links":{"self":[{"href":"https:\/\/www.fundacionnaturgy.org\/ca\/wp-json\/wp\/v2\/product\/83690"}],"collection":[{"href":"https:\/\/www.fundacionnaturgy.org\/ca\/wp-json\/wp\/v2\/product"}],"about":[{"href":"https:\/\/www.fundacionnaturgy.org\/ca\/wp-json\/wp\/v2\/types\/product"}],"wp:featuredmedia":[{"embeddable":true,"href":"https:\/\/www.fundacionnaturgy.org\/ca\/wp-json\/wp\/v2\/media\/83659"}],"wp:attachment":[{"href":"https:\/\/www.fundacionnaturgy.org\/ca\/wp-json\/wp\/v2\/media?parent=83690"}],"wp:term":[{"taxonomy":"category","embeddable":true,"href":"https:\/\/www.fundacionnaturgy.org\/ca\/wp-json\/wp\/v2\/categories?post=83690"},{"taxonomy":"content-type","embeddable":true,"href":"https:\/\/www.fundacionnaturgy.org\/ca\/wp-json\/wp\/v2\/content-type?post=83690"},{"taxonomy":"product_tag","embeddable":true,"href":"https:\/\/www.fundacionnaturgy.org\/ca\/wp-json\/wp\/v2\/product_tag?post=83690"}],"curies":[{"name":"wp","href":"https:\/\/api.w.org\/{rel}","templated":true}]}}