{"id":83691,"date":"2022-07-07T23:43:49","date_gmt":"2022-07-07T21:43:49","guid":{"rendered":"https:\/\/www.fundacionnaturgy.org\/producto\/video-webinar-converses-innovacio-els-nous-vectors-tecnologics-que-formaran-part-del-futur\/"},"modified":"2022-11-07T13:13:04","modified_gmt":"2022-11-07T12:13:04","slug":"video-webinar-converses-innovacio-els-nous-vectors-tecnologics-que-formaran-part-del-futur","status":"publish","type":"product","link":"https:\/\/www.fundacionnaturgy.org\/ca\/publicacion\/video-webinar-converses-innovacio-els-nous-vectors-tecnologics-que-formaran-part-del-futur\/","title":{"rendered":"Video webinar Converses \u00abInnovaci\u00f3: els nous vectors tecnol\u00f2gics que formaran part del futur\u00bb"},"content":{"rendered":"<p>Fundaci\u00f3 Naturgy i el Cap\u00edtol Espanyol del Club de Roma van celebrar el 5 de juliol de 2022 el set\u00e8 webinar basat en Converses entre experts al voltant de temes d&#8217;actualitat relacionats amb l&#8217;energia, el medi ambient i la sostenibilitat.<\/p>\n","protected":false},"excerpt":{"rendered":"<p>Fundaci\u00f3 Naturgy i el Cap\u00edtol Espanyol del Club de Roma van celebrar el 5 de juliol de 2022 el set\u00e8 webinar basat en Converses entre experts al voltant de temes d&#8217;actualitat relacionats amb l&#8217;energia, el medi ambient i la sostenibilitat.<\/p>\n","protected":false},"featured_media":82301,"template":"","meta":{"inline_featured_image":false},"categories":[1205,1208],"content-type":[1169],"product_tag":[],"acf":[],"post_class":["post-83691","product","type-product","status-publish","has-post-thumbnail","hentry","category-medi-ambient","category-transicio-energetica","content-type-videos","wordpress-sticky"],"_links":{"self":[{"href":"https:\/\/www.fundacionnaturgy.org\/ca\/wp-json\/wp\/v2\/product\/83691"}],"collection":[{"href":"https:\/\/www.fundacionnaturgy.org\/ca\/wp-json\/wp\/v2\/product"}],"about":[{"href":"https:\/\/www.fundacionnaturgy.org\/ca\/wp-json\/wp\/v2\/types\/product"}],"wp:featuredmedia":[{"embeddable":true,"href":"https:\/\/www.fundacionnaturgy.org\/ca\/wp-json\/wp\/v2\/media\/82301"}],"wp:attachment":[{"href":"https:\/\/www.fundacionnaturgy.org\/ca\/wp-json\/wp\/v2\/media?parent=83691"}],"wp:term":[{"taxonomy":"category","embeddable":true,"href":"https:\/\/www.fundacionnaturgy.org\/ca\/wp-json\/wp\/v2\/categories?post=83691"},{"taxonomy":"content-type","embeddable":true,"href":"https:\/\/www.fundacionnaturgy.org\/ca\/wp-json\/wp\/v2\/content-type?post=83691"},{"taxonomy":"product_tag","embeddable":true,"href":"https:\/\/www.fundacionnaturgy.org\/ca\/wp-json\/wp\/v2\/product_tag?post=83691"}],"curies":[{"name":"wp","href":"https:\/\/api.w.org\/{rel}","templated":true}]}}