{"id":83693,"date":"2022-12-01T12:16:28","date_gmt":"2022-12-01T11:16:28","guid":{"rendered":"https:\/\/www.fundacionnaturgy.org\/producto\/la-fiscalitat-del-sector-de-lenergia-electrica\/"},"modified":"2022-11-30T14:04:03","modified_gmt":"2022-11-30T13:04:03","slug":"la-fiscalitat-del-sector-de-lenergia-electrica","status":"publish","type":"product","link":"https:\/\/www.fundacionnaturgy.org\/ca\/publicacion\/la-fiscalitat-del-sector-de-lenergia-electrica\/","title":{"rendered":"La fiscalitat del sector de l&#8217;energia el\u00e8ctrica"},"content":{"rendered":"<p>Fundaci\u00f3 Naturgy t&#8217;ofereix l&#8217;informe realitzat per EY, La fiscalitat del sector de l&#8217;energia el\u00e8ctrica a Espanya, on s&#8217;aborda tota la seva cadena de valor, tractant d&#8217;ordenar la gran diversitat de figures impositives que hi recauen, analitzant l&#8217;\u00e0mbit territorial, la seva distribuci\u00f3 a la factura i quina \u00e9s la c\u00e0rrega tribut\u00e0ria sobre el total de costos del sistema.<\/p>\n","protected":false},"excerpt":{"rendered":"<p>Fundaci\u00f3 Naturgy t&#8217;ofereix l&#8217;informe realitzat per EY, La fiscalitat del sector de l&#8217;energia el\u00e8ctrica a Espanya, on s&#8217;aborda tota la seva cadena de valor, tractant d&#8217;ordenar la gran diversitat de figures impositives que hi recauen, analitzant l&#8217;\u00e0mbit territorial, la seva distribuci\u00f3 a la factura i quina \u00e9s la c\u00e0rrega tribut\u00e0ria sobre el total de costos del sistema.<\/p>\n","protected":false},"featured_media":84075,"template":"","meta":{"inline_featured_image":false},"categories":[1205,1208],"content-type":[1166,1169],"product_tag":[],"acf":[],"post_class":["post-83693","product","type-product","status-publish","has-post-thumbnail","hentry","category-medi-ambient","category-transicio-energetica","content-type-articles-e-informes","content-type-videos","wordpress-sticky"],"_links":{"self":[{"href":"https:\/\/www.fundacionnaturgy.org\/ca\/wp-json\/wp\/v2\/product\/83693"}],"collection":[{"href":"https:\/\/www.fundacionnaturgy.org\/ca\/wp-json\/wp\/v2\/product"}],"about":[{"href":"https:\/\/www.fundacionnaturgy.org\/ca\/wp-json\/wp\/v2\/types\/product"}],"wp:featuredmedia":[{"embeddable":true,"href":"https:\/\/www.fundacionnaturgy.org\/ca\/wp-json\/wp\/v2\/media\/84075"}],"wp:attachment":[{"href":"https:\/\/www.fundacionnaturgy.org\/ca\/wp-json\/wp\/v2\/media?parent=83693"}],"wp:term":[{"taxonomy":"category","embeddable":true,"href":"https:\/\/www.fundacionnaturgy.org\/ca\/wp-json\/wp\/v2\/categories?post=83693"},{"taxonomy":"content-type","embeddable":true,"href":"https:\/\/www.fundacionnaturgy.org\/ca\/wp-json\/wp\/v2\/content-type?post=83693"},{"taxonomy":"product_tag","embeddable":true,"href":"https:\/\/www.fundacionnaturgy.org\/ca\/wp-json\/wp\/v2\/product_tag?post=83693"}],"curies":[{"name":"wp","href":"https:\/\/api.w.org\/{rel}","templated":true}]}}