{"id":83694,"date":"2022-06-10T12:06:34","date_gmt":"2022-06-10T10:06:34","guid":{"rendered":"https:\/\/www.fundacionnaturgy.org\/producto\/el-biogas-i-el-biometa-com-a-palanca-clau-en-la-descarbonitzacio-de-leconomia-espanyola\/"},"modified":"2022-11-07T13:24:23","modified_gmt":"2022-11-07T12:24:23","slug":"el-biogas-i-el-biometa-com-a-palanca-clau-en-la-descarbonitzacio-de-leconomia-espanyola","status":"publish","type":"product","link":"https:\/\/www.fundacionnaturgy.org\/ca\/publicacion\/el-biogas-i-el-biometa-com-a-palanca-clau-en-la-descarbonitzacio-de-leconomia-espanyola\/","title":{"rendered":"El biog\u00e0s i el biomet\u00e0 com a palanca clau en la descarbonitzaci\u00f3 de l&#8217;economia espanyola"},"content":{"rendered":"<p>Aquest informe ha estat realitzat per PwC Espa\u00f1a, d&#8217;acord amb la petici\u00f3 realitzada per la Fundaci\u00f3 Naturgy, amb la finalitat d&#8217;analitzar el potencial desenvolupament del biog\u00e0s i biomet\u00e0 a Espanya i el seu impacte en la reducci\u00f3 de la petjada de carboni, per fer-ne una societat m\u00e9s conscient i responsable. El CIEMAT (Centre d&#8217;Investigacions Energ\u00e8tiques, Mediambientals i Tecnol\u00f2giques) -Organisme P\u00fablic de Recerca adscrit al Ministeri de Ci\u00e8ncia i Innovaci\u00f3 a trav\u00e9s de la Secretaria General de Recerca- ha col\u00b7laborat tamb\u00e9 en l&#8217;edici\u00f3 d&#8217;aquest document.<\/p>\n","protected":false},"excerpt":{"rendered":"<p>Aquest informe ha estat realitzat per PwC Espa\u00f1a, d&#8217;acord amb la petici\u00f3 realitzada per la Fundaci\u00f3 Naturgy, amb la finalitat d&#8217;analitzar el potencial desenvolupament del biog\u00e0s i biomet\u00e0 a Espanya i el seu impacte en la reducci\u00f3 de la petjada de carboni, per fer-ne una societat m\u00e9s conscient i responsable. El CIEMAT (Centre d&#8217;Investigacions Energ\u00e8tiques, Mediambientals i Tecnol\u00f2giques) -Organisme P\u00fablic de Recerca adscrit al Ministeri de Ci\u00e8ncia i Innovaci\u00f3 a trav\u00e9s de la Secretaria General de Recerca- ha col\u00b7laborat tamb\u00e9 en l&#8217;edici\u00f3 d&#8217;aquest document.<\/p>\n","protected":false},"featured_media":82111,"template":"","meta":{"inline_featured_image":false},"categories":[1202,1205,1207,1208],"content-type":[1166,1169],"product_tag":[],"acf":[],"post_class":["post-83694","product","type-product","status-publish","has-post-thumbnail","hentry","category-energies-renovables","category-medi-ambient","category-qualitat-de-laire","category-transicio-energetica","content-type-articles-e-informes","content-type-videos","wordpress-sticky"],"_links":{"self":[{"href":"https:\/\/www.fundacionnaturgy.org\/ca\/wp-json\/wp\/v2\/product\/83694"}],"collection":[{"href":"https:\/\/www.fundacionnaturgy.org\/ca\/wp-json\/wp\/v2\/product"}],"about":[{"href":"https:\/\/www.fundacionnaturgy.org\/ca\/wp-json\/wp\/v2\/types\/product"}],"wp:featuredmedia":[{"embeddable":true,"href":"https:\/\/www.fundacionnaturgy.org\/ca\/wp-json\/wp\/v2\/media\/82111"}],"wp:attachment":[{"href":"https:\/\/www.fundacionnaturgy.org\/ca\/wp-json\/wp\/v2\/media?parent=83694"}],"wp:term":[{"taxonomy":"category","embeddable":true,"href":"https:\/\/www.fundacionnaturgy.org\/ca\/wp-json\/wp\/v2\/categories?post=83694"},{"taxonomy":"content-type","embeddable":true,"href":"https:\/\/www.fundacionnaturgy.org\/ca\/wp-json\/wp\/v2\/content-type?post=83694"},{"taxonomy":"product_tag","embeddable":true,"href":"https:\/\/www.fundacionnaturgy.org\/ca\/wp-json\/wp\/v2\/product_tag?post=83694"}],"curies":[{"name":"wp","href":"https:\/\/api.w.org\/{rel}","templated":true}]}}