{"id":83695,"date":"2022-07-07T11:31:37","date_gmt":"2022-07-07T09:31:37","guid":{"rendered":"https:\/\/www.fundacionnaturgy.org\/producto\/situacio-economicofinancera-de-les-principals-empreses-del-sector-electric-a-espanya-2017-2021\/"},"modified":"2022-11-07T13:12:56","modified_gmt":"2022-11-07T12:12:56","slug":"situacio-economicofinancera-de-les-principals-empreses-del-sector-electric-a-espanya-2017-2021","status":"publish","type":"product","link":"https:\/\/www.fundacionnaturgy.org\/ca\/publicacion\/situacio-economicofinancera-de-les-principals-empreses-del-sector-electric-a-espanya-2017-2021\/","title":{"rendered":"Situaci\u00f3 economicofinancera de les principals empreses del sector el\u00e8ctric a Espanya 2017-2021"},"content":{"rendered":"<p>Fundaci\u00f3 Naturgy presenta la quarta edici\u00f3 de l&#8217;informe elaborat per Deloitte sobre la situaci\u00f3 economicofinancera de les principals empreses del sector el\u00e8ctric a Espanya 2017-2021, ampliant en aquesta ocasi\u00f3 el per\u00edode a cinc anys per facilitar l&#8217;an\u00e0lisi, i considerant les activitats de generaci\u00f3 , comercialitzaci\u00f3 i distribuci\u00f3 el\u00e8ctrica.<\/p>\n","protected":false},"excerpt":{"rendered":"<p>Fundaci\u00f3 Naturgy presenta la quarta edici\u00f3 de l&#8217;informe elaborat per Deloitte sobre la situaci\u00f3 economicofinancera de les principals empreses del sector el\u00e8ctric a Espanya 2017-2021, ampliant en aquesta ocasi\u00f3 el per\u00edode a cinc anys per facilitar l&#8217;an\u00e0lisi, i considerant les activitats de generaci\u00f3 , comercialitzaci\u00f3 i distribuci\u00f3 el\u00e8ctrica.<\/p>\n","protected":false},"featured_media":82295,"template":"","meta":{"inline_featured_image":false},"categories":[1208],"content-type":[1166],"product_tag":[],"acf":[],"post_class":["post-83695","product","type-product","status-publish","has-post-thumbnail","hentry","category-transicio-energetica","content-type-articles-e-informes","wordpress-sticky"],"_links":{"self":[{"href":"https:\/\/www.fundacionnaturgy.org\/ca\/wp-json\/wp\/v2\/product\/83695"}],"collection":[{"href":"https:\/\/www.fundacionnaturgy.org\/ca\/wp-json\/wp\/v2\/product"}],"about":[{"href":"https:\/\/www.fundacionnaturgy.org\/ca\/wp-json\/wp\/v2\/types\/product"}],"wp:featuredmedia":[{"embeddable":true,"href":"https:\/\/www.fundacionnaturgy.org\/ca\/wp-json\/wp\/v2\/media\/82295"}],"wp:attachment":[{"href":"https:\/\/www.fundacionnaturgy.org\/ca\/wp-json\/wp\/v2\/media?parent=83695"}],"wp:term":[{"taxonomy":"category","embeddable":true,"href":"https:\/\/www.fundacionnaturgy.org\/ca\/wp-json\/wp\/v2\/categories?post=83695"},{"taxonomy":"content-type","embeddable":true,"href":"https:\/\/www.fundacionnaturgy.org\/ca\/wp-json\/wp\/v2\/content-type?post=83695"},{"taxonomy":"product_tag","embeddable":true,"href":"https:\/\/www.fundacionnaturgy.org\/ca\/wp-json\/wp\/v2\/product_tag?post=83695"}],"curies":[{"name":"wp","href":"https:\/\/api.w.org\/{rel}","templated":true}]}}