{"id":83696,"date":"2022-06-07T12:01:37","date_gmt":"2022-06-07T10:01:37","guid":{"rendered":"https:\/\/www.fundacionnaturgy.org\/producto\/rehabilitacio-energetica-expres-analisi-i-aportacions-de-les-entitats-socials\/"},"modified":"2022-06-07T12:01:37","modified_gmt":"2022-06-07T10:01:37","slug":"rehabilitacio-energetica-expres-analisi-i-aportacions-de-les-entitats-socials","status":"publish","type":"product","link":"https:\/\/www.fundacionnaturgy.org\/ca\/publicacion\/rehabilitacio-energetica-expres-analisi-i-aportacions-de-les-entitats-socials\/","title":{"rendered":"Rehabilitaci\u00f3 energ\u00e8tica expr\u00e9s. An\u00e0lisi i aportacions de les entitats socials"},"content":{"rendered":"<p>El Fons Solidari de Rehabilitaci\u00f3 Energ\u00e8tica \u00e9s la mesura m\u00e9s contundent de la Fundaci\u00f3 Naturgy per ajudar a pal\u00b7liar la vulnerabilitat energ\u00e8tica, la nostra mesura estrella. Com a tal ha estat reconeguda en recollir-se a l&#8217;Estrat\u00e8gia Nacional contra la Pobresa Energ\u00e8tica 2019-2024 (ENPE), aprovada l&#8217;abril del 2019. L&#8217;efici\u00e8ncia energ\u00e8tica constitueix una mesura estructural de lluita contra la pobresa energ\u00e8tica, de les m\u00e9s importants, i el Fons la possibilita.<\/p>\n","protected":false},"excerpt":{"rendered":"<p>El Fons Solidari de Rehabilitaci\u00f3 Energ\u00e8tica \u00e9s la mesura m\u00e9s contundent de la Fundaci\u00f3 Naturgy per ajudar a pal\u00b7liar la vulnerabilitat energ\u00e8tica, la nostra mesura estrella. Com a tal ha estat reconeguda en recollir-se a l&#8217;Estrat\u00e8gia Nacional contra la Pobresa Energ\u00e8tica 2019-2024 (ENPE), aprovada l&#8217;abril del 2019. L&#8217;efici\u00e8ncia energ\u00e8tica constitueix una mesura estructural de lluita contra la pobresa energ\u00e8tica, de les m\u00e9s importants, i el Fons la possibilita.<\/p>\n","protected":false},"featured_media":82104,"template":"","meta":{"inline_featured_image":false},"categories":[1200,1209],"content-type":[1166],"product_tag":[],"acf":[],"post_class":["post-83696","product","type-product","status-publish","has-post-thumbnail","hentry","category-eficiencia-energetica-ca","category-vulnerabilitat-energetica","content-type-articles-e-informes","wordpress-sticky"],"_links":{"self":[{"href":"https:\/\/www.fundacionnaturgy.org\/ca\/wp-json\/wp\/v2\/product\/83696"}],"collection":[{"href":"https:\/\/www.fundacionnaturgy.org\/ca\/wp-json\/wp\/v2\/product"}],"about":[{"href":"https:\/\/www.fundacionnaturgy.org\/ca\/wp-json\/wp\/v2\/types\/product"}],"wp:featuredmedia":[{"embeddable":true,"href":"https:\/\/www.fundacionnaturgy.org\/ca\/wp-json\/wp\/v2\/media\/82104"}],"wp:attachment":[{"href":"https:\/\/www.fundacionnaturgy.org\/ca\/wp-json\/wp\/v2\/media?parent=83696"}],"wp:term":[{"taxonomy":"category","embeddable":true,"href":"https:\/\/www.fundacionnaturgy.org\/ca\/wp-json\/wp\/v2\/categories?post=83696"},{"taxonomy":"content-type","embeddable":true,"href":"https:\/\/www.fundacionnaturgy.org\/ca\/wp-json\/wp\/v2\/content-type?post=83696"},{"taxonomy":"product_tag","embeddable":true,"href":"https:\/\/www.fundacionnaturgy.org\/ca\/wp-json\/wp\/v2\/product_tag?post=83696"}],"curies":[{"name":"wp","href":"https:\/\/api.w.org\/{rel}","templated":true}]}}