{"id":83697,"date":"2022-06-07T11:46:54","date_gmt":"2022-06-07T09:46:54","guid":{"rendered":"https:\/\/www.fundacionnaturgy.org\/producto\/rehabilitacio-energetica-expres-per-a-llars-vulnerables-solucions-de-baix-cost-actualitzacio-2022\/"},"modified":"2022-12-14T14:49:10","modified_gmt":"2022-12-14T13:49:10","slug":"rehabilitacio-energetica-expres-per-a-llars-vulnerables-solucions-de-baix-cost-actualitzacio-2022","status":"publish","type":"product","link":"https:\/\/www.fundacionnaturgy.org\/ca\/publicacion\/rehabilitacio-energetica-expres-per-a-llars-vulnerables-solucions-de-baix-cost-actualitzacio-2022\/","title":{"rendered":"Rehabilitaci\u00f3 energ\u00e8tica expr\u00e9s per a llars vulnerables. Solucions de baix cost (Actualitzaci\u00f3 2022)"},"content":{"rendered":"<p>L&#8217;objectiu d&#8217;aquest estudi \u00e9s avan\u00e7ar cap a millores possibles en les condicions de benestar t\u00e8rmic i en l&#8217;avaluaci\u00f3 del consum energ\u00e8tic en climatitzaci\u00f3 dels habitatges habitats per fam\u00edlies en situaci\u00f3 de pobresa o vulnerabilitat energ\u00e8tica, aix\u00ed com proporcionar solucions de baix cost, d&#8217;aplicaci\u00f3 r\u00e0pida i senzilla, que millorin les condicions de confort d&#8217;aquestes persones.<\/p>\n","protected":false},"excerpt":{"rendered":"<p>L&#8217;objectiu d&#8217;aquest estudi \u00e9s avan\u00e7ar cap a millores possibles en les condicions de benestar t\u00e8rmic i en l&#8217;avaluaci\u00f3 del consum energ\u00e8tic en climatitzaci\u00f3 dels habitatges habitats per fam\u00edlies en situaci\u00f3 de pobresa o vulnerabilitat energ\u00e8tica, aix\u00ed com proporcionar solucions de baix cost, d&#8217;aplicaci\u00f3 r\u00e0pida i senzilla, que millorin les condicions de confort d&#8217;aquestes persones.<\/p>\n","protected":false},"featured_media":82097,"template":"","meta":{"inline_featured_image":false},"categories":[1200,1209],"content-type":[1168,1169],"product_tag":[],"acf":[],"post_class":["post-83697","product","type-product","status-publish","has-post-thumbnail","hentry","category-eficiencia-energetica-ca","category-vulnerabilitat-energetica","content-type-llibres","content-type-videos","wordpress-sticky"],"_links":{"self":[{"href":"https:\/\/www.fundacionnaturgy.org\/ca\/wp-json\/wp\/v2\/product\/83697"}],"collection":[{"href":"https:\/\/www.fundacionnaturgy.org\/ca\/wp-json\/wp\/v2\/product"}],"about":[{"href":"https:\/\/www.fundacionnaturgy.org\/ca\/wp-json\/wp\/v2\/types\/product"}],"wp:featuredmedia":[{"embeddable":true,"href":"https:\/\/www.fundacionnaturgy.org\/ca\/wp-json\/wp\/v2\/media\/82097"}],"wp:attachment":[{"href":"https:\/\/www.fundacionnaturgy.org\/ca\/wp-json\/wp\/v2\/media?parent=83697"}],"wp:term":[{"taxonomy":"category","embeddable":true,"href":"https:\/\/www.fundacionnaturgy.org\/ca\/wp-json\/wp\/v2\/categories?post=83697"},{"taxonomy":"content-type","embeddable":true,"href":"https:\/\/www.fundacionnaturgy.org\/ca\/wp-json\/wp\/v2\/content-type?post=83697"},{"taxonomy":"product_tag","embeddable":true,"href":"https:\/\/www.fundacionnaturgy.org\/ca\/wp-json\/wp\/v2\/product_tag?post=83697"}],"curies":[{"name":"wp","href":"https:\/\/api.w.org\/{rel}","templated":true}]}}