{"id":83698,"date":"2022-06-02T11:36:46","date_gmt":"2022-06-02T09:36:46","guid":{"rendered":"https:\/\/www.fundacionnaturgy.org\/producto\/captura-i-emmagatzematge-de-co%e2%82%82\/"},"modified":"2022-11-07T13:24:35","modified_gmt":"2022-11-07T12:24:35","slug":"captura-i-emmagatzematge-de-co%e2%82%82","status":"publish","type":"product","link":"https:\/\/www.fundacionnaturgy.org\/ca\/publicacion\/captura-i-emmagatzematge-de-co%e2%82%82\/","title":{"rendered":"Captura i emmagatzematge de CO\u2082"},"content":{"rendered":"<p>La Captura i Emmagatzematge de Carboni, CAC (o CCS, per les inicials en angl\u00e8s: carbon capture and storage), haur\u00e0 de formar part important de l&#8217;estrat\u00e8gia de la UE si es volen assolir els objectius del Pacte Verd. L&#8217;actual crisi energ\u00e8tica a la UE no canvia aquest panorama, encara que faci m\u00e9s dif\u00edcil d&#8217;entendre de manera senzilla les raons per les quals \u00e9s important un desenvolupament r\u00e0pid d&#8217;una estrat\u00e8gia i una xarxa per part de la UE.<\/p>\n","protected":false},"excerpt":{"rendered":"<p>La Captura i Emmagatzematge de Carboni, CAC (o CCS, per les inicials en angl\u00e8s: carbon capture and storage), haur\u00e0 de formar part important de l&#8217;estrat\u00e8gia de la UE si es volen assolir els objectius del Pacte Verd. L&#8217;actual crisi energ\u00e8tica a la UE no canvia aquest panorama, encara que faci m\u00e9s dif\u00edcil d&#8217;entendre de manera senzilla les raons per les quals \u00e9s important un desenvolupament r\u00e0pid d&#8217;una estrat\u00e8gia i una xarxa per part de la UE.<\/p>\n","protected":false},"featured_media":82091,"template":"","meta":{"inline_featured_image":false},"categories":[1204,1208],"content-type":[1166,1169],"product_tag":[],"acf":[],"post_class":["post-83698","product","type-product","status-publish","has-post-thumbnail","hentry","category-innovacio-tecnologica","category-transicio-energetica","content-type-articles-e-informes","content-type-videos","wordpress-sticky"],"_links":{"self":[{"href":"https:\/\/www.fundacionnaturgy.org\/ca\/wp-json\/wp\/v2\/product\/83698"}],"collection":[{"href":"https:\/\/www.fundacionnaturgy.org\/ca\/wp-json\/wp\/v2\/product"}],"about":[{"href":"https:\/\/www.fundacionnaturgy.org\/ca\/wp-json\/wp\/v2\/types\/product"}],"wp:featuredmedia":[{"embeddable":true,"href":"https:\/\/www.fundacionnaturgy.org\/ca\/wp-json\/wp\/v2\/media\/82091"}],"wp:attachment":[{"href":"https:\/\/www.fundacionnaturgy.org\/ca\/wp-json\/wp\/v2\/media?parent=83698"}],"wp:term":[{"taxonomy":"category","embeddable":true,"href":"https:\/\/www.fundacionnaturgy.org\/ca\/wp-json\/wp\/v2\/categories?post=83698"},{"taxonomy":"content-type","embeddable":true,"href":"https:\/\/www.fundacionnaturgy.org\/ca\/wp-json\/wp\/v2\/content-type?post=83698"},{"taxonomy":"product_tag","embeddable":true,"href":"https:\/\/www.fundacionnaturgy.org\/ca\/wp-json\/wp\/v2\/product_tag?post=83698"}],"curies":[{"name":"wp","href":"https:\/\/api.w.org\/{rel}","templated":true}]}}