{"id":83699,"date":"2022-05-26T11:16:05","date_gmt":"2022-05-26T09:16:05","guid":{"rendered":"https:\/\/www.fundacionnaturgy.org\/producto\/video-webinar-sendes-geopolitiques-de-la-transicio-energetica-orient-mitja\/"},"modified":"2022-11-07T13:24:53","modified_gmt":"2022-11-07T12:24:53","slug":"video-webinar-sendes-geopolitiques-de-la-transicio-energetica-orient-mitja","status":"publish","type":"product","link":"https:\/\/www.fundacionnaturgy.org\/ca\/publicacion\/video-webinar-sendes-geopolitiques-de-la-transicio-energetica-orient-mitja\/","title":{"rendered":"Video webinar &#8220;Sendes geopol\u00edtiques de la transici\u00f3 energ\u00e8tica: Orient Mitj\u00e0&#8221;"},"content":{"rendered":"<p>Fundaci\u00f3 Naturgy i el Real Instituto Elcano van celebrar el passat 19 de maig de 2022 una jornada en qu\u00e8 vam analitzar les implicacions geopol\u00edtiques de la transici\u00f3 energ\u00e8tica. La col\u00b7laboraci\u00f3 de les dues institucions explora el panorama global dibuixat per la transformaci\u00f3 que estem vivint a l&#8217;\u00e0mbit de l&#8217;energia i el medi ambient. En aquesta sessi\u00f3 ens centrem a l&#8217;Orient Mitj\u00e0, per abordar com els objectius de descarbonitzaci\u00f3 globals poden influir en una regi\u00f3 tan heterog\u00e8nia i l&#8217;economia de la qual est\u00e0 profundament lligada al petroli i al gas.<\/p>\n","protected":false},"excerpt":{"rendered":"<p>Fundaci\u00f3 Naturgy i el Real Instituto Elcano van celebrar el passat 19 de maig de 2022 una jornada en qu\u00e8 vam analitzar les implicacions geopol\u00edtiques de la transici\u00f3 energ\u00e8tica. La col\u00b7laboraci\u00f3 de les dues institucions explora el panorama global dibuixat per la transformaci\u00f3 que estem vivint a l&#8217;\u00e0mbit de l&#8217;energia i el medi ambient. En aquesta sessi\u00f3 ens centrem a l&#8217;Orient Mitj\u00e0, per abordar com els objectius de descarbonitzaci\u00f3 globals poden influir en una regi\u00f3 tan heterog\u00e8nia i l&#8217;economia de la qual est\u00e0 profundament lligada al petroli i al gas.<\/p>\n","protected":false},"featured_media":82081,"template":"","meta":{"inline_featured_image":false},"categories":[1205,1208],"content-type":[1169],"product_tag":[],"acf":[],"post_class":["post-83699","product","type-product","status-publish","has-post-thumbnail","hentry","category-medi-ambient","category-transicio-energetica","content-type-videos","wordpress-sticky"],"_links":{"self":[{"href":"https:\/\/www.fundacionnaturgy.org\/ca\/wp-json\/wp\/v2\/product\/83699"}],"collection":[{"href":"https:\/\/www.fundacionnaturgy.org\/ca\/wp-json\/wp\/v2\/product"}],"about":[{"href":"https:\/\/www.fundacionnaturgy.org\/ca\/wp-json\/wp\/v2\/types\/product"}],"wp:featuredmedia":[{"embeddable":true,"href":"https:\/\/www.fundacionnaturgy.org\/ca\/wp-json\/wp\/v2\/media\/82081"}],"wp:attachment":[{"href":"https:\/\/www.fundacionnaturgy.org\/ca\/wp-json\/wp\/v2\/media?parent=83699"}],"wp:term":[{"taxonomy":"category","embeddable":true,"href":"https:\/\/www.fundacionnaturgy.org\/ca\/wp-json\/wp\/v2\/categories?post=83699"},{"taxonomy":"content-type","embeddable":true,"href":"https:\/\/www.fundacionnaturgy.org\/ca\/wp-json\/wp\/v2\/content-type?post=83699"},{"taxonomy":"product_tag","embeddable":true,"href":"https:\/\/www.fundacionnaturgy.org\/ca\/wp-json\/wp\/v2\/product_tag?post=83699"}],"curies":[{"name":"wp","href":"https:\/\/api.w.org\/{rel}","templated":true}]}}