{"id":83700,"date":"2022-05-06T11:08:08","date_gmt":"2022-05-06T09:08:08","guid":{"rendered":"https:\/\/www.fundacionnaturgy.org\/producto\/video-webinar-converses-de-la-conferencia-destocolm-de-1972-sobre-el-medi-huma-fins-avui\/"},"modified":"2022-11-07T13:25:23","modified_gmt":"2022-11-07T12:25:23","slug":"video-webinar-converses-de-la-conferencia-destocolm-de-1972-sobre-el-medi-huma-fins-avui","status":"publish","type":"product","link":"https:\/\/www.fundacionnaturgy.org\/ca\/publicacion\/video-webinar-converses-de-la-conferencia-destocolm-de-1972-sobre-el-medi-huma-fins-avui\/","title":{"rendered":"Video webinar Converses &#8220;De la Confer\u00e8ncia d&#8217;Estocolm de 1972 sobre el Medi Hum\u00e0 fins avui&#8221;"},"content":{"rendered":"<p>[vc_row][vc_column][vc_column_text]Fundaci\u00f3 Naturgy i el Cap\u00edtol Espanyol del Club de Roma van celebrar el 5 de maig de 2022 el sis\u00e8 webinar basat en Converses entre experts al voltant de temes d&#8217;actualitat relacionats amb l&#8217;energia, el medi ambient i la sostenibilitat.[\/vc_column_text][\/vc_column][\/vc_row]<\/p>\n","protected":false},"excerpt":{"rendered":"<p>Fundaci\u00f3 Naturgy i el Cap\u00edtol Espanyol del Club de Roma van celebrar el 5 de maig de 2022 el sis\u00e8 webinar basat en Converses entre experts al voltant de temes d&#8217;actualitat relacionats amb l&#8217;energia, el medi ambient i la sostenibilitat.<\/p>\n","protected":false},"featured_media":82073,"template":"","meta":{"inline_featured_image":false},"categories":[1202,1205,1208],"content-type":[1169],"product_tag":[],"acf":[],"post_class":["post-83700","product","type-product","status-publish","has-post-thumbnail","hentry","category-energies-renovables","category-medi-ambient","category-transicio-energetica","content-type-videos","wordpress-sticky"],"_links":{"self":[{"href":"https:\/\/www.fundacionnaturgy.org\/ca\/wp-json\/wp\/v2\/product\/83700"}],"collection":[{"href":"https:\/\/www.fundacionnaturgy.org\/ca\/wp-json\/wp\/v2\/product"}],"about":[{"href":"https:\/\/www.fundacionnaturgy.org\/ca\/wp-json\/wp\/v2\/types\/product"}],"wp:featuredmedia":[{"embeddable":true,"href":"https:\/\/www.fundacionnaturgy.org\/ca\/wp-json\/wp\/v2\/media\/82073"}],"wp:attachment":[{"href":"https:\/\/www.fundacionnaturgy.org\/ca\/wp-json\/wp\/v2\/media?parent=83700"}],"wp:term":[{"taxonomy":"category","embeddable":true,"href":"https:\/\/www.fundacionnaturgy.org\/ca\/wp-json\/wp\/v2\/categories?post=83700"},{"taxonomy":"content-type","embeddable":true,"href":"https:\/\/www.fundacionnaturgy.org\/ca\/wp-json\/wp\/v2\/content-type?post=83700"},{"taxonomy":"product_tag","embeddable":true,"href":"https:\/\/www.fundacionnaturgy.org\/ca\/wp-json\/wp\/v2\/product_tag?post=83700"}],"curies":[{"name":"wp","href":"https:\/\/api.w.org\/{rel}","templated":true}]}}