{"id":83701,"date":"2022-04-07T11:06:08","date_gmt":"2022-04-07T09:06:08","guid":{"rendered":"https:\/\/www.fundacionnaturgy.org\/producto\/revisio-dels-diferents-mecanismes-de-suport-al-desenvolupament-de-generacio-delectricitat-renovable\/"},"modified":"2022-11-07T13:25:37","modified_gmt":"2022-11-07T12:25:37","slug":"revisio-dels-diferents-mecanismes-de-suport-al-desenvolupament-de-generacio-delectricitat-renovable","status":"publish","type":"product","link":"https:\/\/www.fundacionnaturgy.org\/ca\/publicacion\/revisio-dels-diferents-mecanismes-de-suport-al-desenvolupament-de-generacio-delectricitat-renovable\/","title":{"rendered":"Revisi\u00f3 dels diferents mecanismes de suport al desenvolupament de generaci\u00f3 delectricitat renovable"},"content":{"rendered":"<p>[vc_row][vc_column][vc_column_text]El desenvolupament de les energies renovables \u00e9s la clau per assolir els objectius europeus de descarbonitzaci\u00f3 el 2050. Per abordar aquest repte cal desplegar i executar plans en diversos \u00e0mbits, i els mecanismes de suport a aquests projectes es constitueixen com una pe\u00e7a fonamental per aconseguir la capacitat i la velocitat dimplementaci\u00f3 requerits.[\/vc_column_text][\/vc_column][\/vc_row]<\/p>\n","protected":false},"excerpt":{"rendered":"<p>El desenvolupament de les energies renovables \u00e9s la clau per assolir els objectius europeus de descarbonitzaci\u00f3 el 2050. Per abordar aquest repte cal desplegar i executar plans en diversos \u00e0mbits, i els mecanismes de suport a aquests projectes es constitueixen com una pe\u00e7a fonamental per aconseguir la capacitat i la velocitat dimplementaci\u00f3 requerits.<\/p>\n","protected":false},"featured_media":82068,"template":"","meta":{"inline_featured_image":false},"categories":[1202,1208],"content-type":[1166,1169],"product_tag":[],"acf":[],"post_class":["post-83701","product","type-product","status-publish","has-post-thumbnail","hentry","category-energies-renovables","category-transicio-energetica","content-type-articles-e-informes","content-type-videos","wordpress-sticky"],"_links":{"self":[{"href":"https:\/\/www.fundacionnaturgy.org\/ca\/wp-json\/wp\/v2\/product\/83701"}],"collection":[{"href":"https:\/\/www.fundacionnaturgy.org\/ca\/wp-json\/wp\/v2\/product"}],"about":[{"href":"https:\/\/www.fundacionnaturgy.org\/ca\/wp-json\/wp\/v2\/types\/product"}],"wp:featuredmedia":[{"embeddable":true,"href":"https:\/\/www.fundacionnaturgy.org\/ca\/wp-json\/wp\/v2\/media\/82068"}],"wp:attachment":[{"href":"https:\/\/www.fundacionnaturgy.org\/ca\/wp-json\/wp\/v2\/media?parent=83701"}],"wp:term":[{"taxonomy":"category","embeddable":true,"href":"https:\/\/www.fundacionnaturgy.org\/ca\/wp-json\/wp\/v2\/categories?post=83701"},{"taxonomy":"content-type","embeddable":true,"href":"https:\/\/www.fundacionnaturgy.org\/ca\/wp-json\/wp\/v2\/content-type?post=83701"},{"taxonomy":"product_tag","embeddable":true,"href":"https:\/\/www.fundacionnaturgy.org\/ca\/wp-json\/wp\/v2\/product_tag?post=83701"}],"curies":[{"name":"wp","href":"https:\/\/api.w.org\/{rel}","templated":true}]}}