{"id":83702,"date":"2022-03-09T12:19:16","date_gmt":"2022-03-09T11:19:16","guid":{"rendered":"https:\/\/www.fundacionnaturgy.org\/producto\/el-bo-social-com-a-mecanisme-de-proteccio-al-consumidor-vulnerable\/"},"modified":"2024-06-27T15:36:15","modified_gmt":"2024-06-27T13:36:15","slug":"el-bo-social-com-a-mecanisme-de-proteccio-al-consumidor-vulnerable","status":"publish","type":"product","link":"https:\/\/www.fundacionnaturgy.org\/ca\/publicacion\/el-bo-social-com-a-mecanisme-de-proteccio-al-consumidor-vulnerable\/","title":{"rendered":"El bo social com a mecanisme de protecci\u00f3 al consumidor vulnerable"},"content":{"rendered":"<p>Comptar amb un mecanisme de protecci\u00f3 social que permeti resoldre de manera eficient la transici\u00f3 energ\u00e8tica \u00e9s una necessitat inq\u00fcestionable, i aix\u00ed ho ha reconegut la Comissi\u00f3 Europea. A Espanya es va establir el que s&#8217;anomena el bo social el\u00e8ctric, que s&#8217;articula a trav\u00e9s de descomptes a la factura el\u00e8ctrica per a consumidors vulnerables.<\/p>\n","protected":false},"excerpt":{"rendered":"<p>Comptar amb un mecanisme de protecci\u00f3 social que permeti resoldre de manera eficient la transici\u00f3 energ\u00e8tica \u00e9s una necessitat inq\u00fcestionable, i aix\u00ed ho ha reconegut la Comissi\u00f3 Europea. A Espanya es va establir el que s&#8217;anomena el bo social el\u00e8ctric, que s&#8217;articula a trav\u00e9s de descomptes a la factura el\u00e8ctrica per a consumidors vulnerables.<\/p>\n","protected":false},"featured_media":80929,"template":"","meta":{"inline_featured_image":false},"categories":[1208,1209],"content-type":[1166],"product_tag":[],"acf":[],"post_class":["post-83702","product","type-product","status-publish","has-post-thumbnail","hentry","category-transicio-energetica","category-vulnerabilitat-energetica","content-type-articles-e-informes","wordpress-sticky"],"_links":{"self":[{"href":"https:\/\/www.fundacionnaturgy.org\/ca\/wp-json\/wp\/v2\/product\/83702"}],"collection":[{"href":"https:\/\/www.fundacionnaturgy.org\/ca\/wp-json\/wp\/v2\/product"}],"about":[{"href":"https:\/\/www.fundacionnaturgy.org\/ca\/wp-json\/wp\/v2\/types\/product"}],"wp:featuredmedia":[{"embeddable":true,"href":"https:\/\/www.fundacionnaturgy.org\/ca\/wp-json\/wp\/v2\/media\/80929"}],"wp:attachment":[{"href":"https:\/\/www.fundacionnaturgy.org\/ca\/wp-json\/wp\/v2\/media?parent=83702"}],"wp:term":[{"taxonomy":"category","embeddable":true,"href":"https:\/\/www.fundacionnaturgy.org\/ca\/wp-json\/wp\/v2\/categories?post=83702"},{"taxonomy":"content-type","embeddable":true,"href":"https:\/\/www.fundacionnaturgy.org\/ca\/wp-json\/wp\/v2\/content-type?post=83702"},{"taxonomy":"product_tag","embeddable":true,"href":"https:\/\/www.fundacionnaturgy.org\/ca\/wp-json\/wp\/v2\/product_tag?post=83702"}],"curies":[{"name":"wp","href":"https:\/\/api.w.org\/{rel}","templated":true}]}}