{"id":83703,"date":"2022-03-03T17:27:09","date_gmt":"2022-03-03T16:27:09","guid":{"rendered":"https:\/\/www.fundacionnaturgy.org\/producto\/taxonomia-de-la-ue-lacte-delegat-complementari-sobre-el-gas-natural-i-lenergia-nuclear\/"},"modified":"2022-03-03T17:27:09","modified_gmt":"2022-03-03T16:27:09","slug":"taxonomia-de-la-ue-lacte-delegat-complementari-sobre-el-gas-natural-i-lenergia-nuclear","status":"publish","type":"product","link":"https:\/\/www.fundacionnaturgy.org\/ca\/publicacion\/taxonomia-de-la-ue-lacte-delegat-complementari-sobre-el-gas-natural-i-lenergia-nuclear\/","title":{"rendered":"Taxonomia de la UE: l&#8217;acte delegat complementari sobre el gas natural i l&#8217;energia nuclear"},"content":{"rendered":"<p>La Taxonomia de la UE \u00e9s un sistema de classificaci\u00f3 que defineix quines activitats (no productes) s\u00f3n compatibles amb l&#8217;objectiu de l&#8217;IPCC de mantenir l&#8217;escalfament global per sota d&#8217;un increment d&#8217;1,5 \u00b0C respecte als nivells preindustrials i, per aix\u00f2 tant, amb els objectius del Pacte Verd Europeu de la descarbonitzaci\u00f3 total de la seva economia per al 2050.<\/p>\n","protected":false},"excerpt":{"rendered":"<p>La Taxonomia de la UE \u00e9s un sistema de classificaci\u00f3 que defineix quines activitats (no productes) s\u00f3n compatibles amb l&#8217;objectiu de l&#8217;IPCC de mantenir l&#8217;escalfament global per sota d&#8217;un increment d&#8217;1,5 \u00b0C respecte als nivells preindustrials i, per aix\u00f2 tant, amb els objectius del Pacte Verd Europeu de la descarbonitzaci\u00f3 total de la seva economia per al 2050.<\/p>\n","protected":false},"featured_media":80880,"template":"","meta":{"inline_featured_image":false},"categories":[1202,1205,1208],"content-type":[1166],"product_tag":[],"acf":[],"post_class":["post-83703","product","type-product","status-publish","has-post-thumbnail","hentry","category-energies-renovables","category-medi-ambient","category-transicio-energetica","content-type-articles-e-informes","wordpress-sticky"],"_links":{"self":[{"href":"https:\/\/www.fundacionnaturgy.org\/ca\/wp-json\/wp\/v2\/product\/83703"}],"collection":[{"href":"https:\/\/www.fundacionnaturgy.org\/ca\/wp-json\/wp\/v2\/product"}],"about":[{"href":"https:\/\/www.fundacionnaturgy.org\/ca\/wp-json\/wp\/v2\/types\/product"}],"wp:featuredmedia":[{"embeddable":true,"href":"https:\/\/www.fundacionnaturgy.org\/ca\/wp-json\/wp\/v2\/media\/80880"}],"wp:attachment":[{"href":"https:\/\/www.fundacionnaturgy.org\/ca\/wp-json\/wp\/v2\/media?parent=83703"}],"wp:term":[{"taxonomy":"category","embeddable":true,"href":"https:\/\/www.fundacionnaturgy.org\/ca\/wp-json\/wp\/v2\/categories?post=83703"},{"taxonomy":"content-type","embeddable":true,"href":"https:\/\/www.fundacionnaturgy.org\/ca\/wp-json\/wp\/v2\/content-type?post=83703"},{"taxonomy":"product_tag","embeddable":true,"href":"https:\/\/www.fundacionnaturgy.org\/ca\/wp-json\/wp\/v2\/product_tag?post=83703"}],"curies":[{"name":"wp","href":"https:\/\/api.w.org\/{rel}","templated":true}]}}