{"id":83704,"date":"2022-02-11T13:42:11","date_gmt":"2022-02-11T12:42:11","guid":{"rendered":"https:\/\/www.fundacionnaturgy.org\/producto\/estudis-i-debats-2021\/"},"modified":"2022-11-09T15:46:08","modified_gmt":"2022-11-09T14:46:08","slug":"estudis-i-debats-2021","status":"publish","type":"product","link":"https:\/\/www.fundacionnaturgy.org\/ca\/publicacion\/estudis-i-debats-2021\/","title":{"rendered":"Estudis i debats 2021"},"content":{"rendered":null,"protected":false},"excerpt":{"rendered":"<p>Et presentem un v\u00eddeo amb el resum de les publicacions i els debats impulsats per la Fundaci\u00f3 Naturgy el 2021. L&#8217;energia \u00e9s un dels pilars fonamentals de la nostra societat, per\u00f2 tamb\u00e9 un dels sectors clau m\u00e9s complexos i dif\u00edcils de comprendre. Per intentar ajudar a un enteniment m\u00e9s gran d&#8217;aquest complex sector, que a m\u00e9s t\u00e9 una incid\u00e8ncia crucial en el desenvolupament sostenible de la societat i en la vida de les persones, la Fundaci\u00f3 Naturgy promou cada any l&#8217;elaboraci\u00f3 i la publicaci\u00f3 d&#8217;estudis i la celebraci\u00f3 de debats que contribueixen a divulgar i analitzar la seva situaci\u00f3 real i els reptes a qu\u00e8 s&#8217;enfronta en el proc\u00e9s de transici\u00f3 en qu\u00e8 est\u00e0 immers.<\/p>\n","protected":false},"featured_media":80796,"template":"","meta":{"inline_featured_image":false},"categories":[1200,1205,1208],"content-type":[1169],"product_tag":[],"acf":[],"post_class":["post-83704","product","type-product","status-publish","has-post-thumbnail","hentry","category-eficiencia-energetica-ca","category-medi-ambient","category-transicio-energetica","content-type-videos","wordpress-sticky"],"_links":{"self":[{"href":"https:\/\/www.fundacionnaturgy.org\/ca\/wp-json\/wp\/v2\/product\/83704"}],"collection":[{"href":"https:\/\/www.fundacionnaturgy.org\/ca\/wp-json\/wp\/v2\/product"}],"about":[{"href":"https:\/\/www.fundacionnaturgy.org\/ca\/wp-json\/wp\/v2\/types\/product"}],"wp:featuredmedia":[{"embeddable":true,"href":"https:\/\/www.fundacionnaturgy.org\/ca\/wp-json\/wp\/v2\/media\/80796"}],"wp:attachment":[{"href":"https:\/\/www.fundacionnaturgy.org\/ca\/wp-json\/wp\/v2\/media?parent=83704"}],"wp:term":[{"taxonomy":"category","embeddable":true,"href":"https:\/\/www.fundacionnaturgy.org\/ca\/wp-json\/wp\/v2\/categories?post=83704"},{"taxonomy":"content-type","embeddable":true,"href":"https:\/\/www.fundacionnaturgy.org\/ca\/wp-json\/wp\/v2\/content-type?post=83704"},{"taxonomy":"product_tag","embeddable":true,"href":"https:\/\/www.fundacionnaturgy.org\/ca\/wp-json\/wp\/v2\/product_tag?post=83704"}],"curies":[{"name":"wp","href":"https:\/\/api.w.org\/{rel}","templated":true}]}}