{"id":83705,"date":"2022-02-11T11:04:18","date_gmt":"2022-02-11T10:04:18","guid":{"rendered":"https:\/\/www.fundacionnaturgy.org\/producto\/una-descarbonitzacio-eficient-en-costos-estudi-2022\/"},"modified":"2022-02-11T11:04:18","modified_gmt":"2022-02-11T10:04:18","slug":"una-descarbonitzacio-eficient-en-costos-estudi-2022","status":"publish","type":"product","link":"https:\/\/www.fundacionnaturgy.org\/ca\/publicacion\/una-descarbonitzacio-eficient-en-costos-estudi-2022\/","title":{"rendered":"Una descarbonitzaci\u00f3 eficient en costos. Estudi 2022"},"content":{"rendered":"<p>Actualitzaci\u00f3 de les dades de l&#8217;informe publicat a final de l&#8217;any 2020 que inclo\u00efa la informaci\u00f3 disponible sobre els objectius de descarbonitzaci\u00f3 assolits fins a la data, els costos futurs esperats a la generaci\u00f3 renovable, aix\u00ed com les principals observacions a tenir en compte en el debat sobre les mesures regulat\u00f2ries i de mercat a adoptar per impulsar el desenvolupament de noves tecnologies.<\/p>\n","protected":false},"excerpt":{"rendered":"<p>Actualitzaci\u00f3 de les dades de l&#8217;informe publicat a final de l&#8217;any 2020 que inclo\u00efa la informaci\u00f3 disponible sobre els objectius de descarbonitzaci\u00f3 assolits fins a la data, els costos futurs esperats a la generaci\u00f3 renovable, aix\u00ed com les principals observacions a tenir en compte en el debat sobre les mesures regulat\u00f2ries i de mercat a adoptar per impulsar el desenvolupament de noves tecnologies.<\/p>\n","protected":false},"featured_media":80743,"template":"","meta":{"inline_featured_image":false},"categories":[1200,1202,1205,1207,1208],"content-type":[1166],"product_tag":[],"acf":[],"post_class":["post-83705","product","type-product","status-publish","has-post-thumbnail","hentry","category-eficiencia-energetica-ca","category-energies-renovables","category-medi-ambient","category-qualitat-de-laire","category-transicio-energetica","content-type-articles-e-informes","wordpress-sticky"],"_links":{"self":[{"href":"https:\/\/www.fundacionnaturgy.org\/ca\/wp-json\/wp\/v2\/product\/83705"}],"collection":[{"href":"https:\/\/www.fundacionnaturgy.org\/ca\/wp-json\/wp\/v2\/product"}],"about":[{"href":"https:\/\/www.fundacionnaturgy.org\/ca\/wp-json\/wp\/v2\/types\/product"}],"wp:featuredmedia":[{"embeddable":true,"href":"https:\/\/www.fundacionnaturgy.org\/ca\/wp-json\/wp\/v2\/media\/80743"}],"wp:attachment":[{"href":"https:\/\/www.fundacionnaturgy.org\/ca\/wp-json\/wp\/v2\/media?parent=83705"}],"wp:term":[{"taxonomy":"category","embeddable":true,"href":"https:\/\/www.fundacionnaturgy.org\/ca\/wp-json\/wp\/v2\/categories?post=83705"},{"taxonomy":"content-type","embeddable":true,"href":"https:\/\/www.fundacionnaturgy.org\/ca\/wp-json\/wp\/v2\/content-type?post=83705"},{"taxonomy":"product_tag","embeddable":true,"href":"https:\/\/www.fundacionnaturgy.org\/ca\/wp-json\/wp\/v2\/product_tag?post=83705"}],"curies":[{"name":"wp","href":"https:\/\/api.w.org\/{rel}","templated":true}]}}