{"id":83706,"date":"2022-02-08T11:25:46","date_gmt":"2022-02-08T10:25:46","guid":{"rendered":"https:\/\/www.fundacionnaturgy.org\/producto\/el-paper-del-consumidor-i-de-la-gestio-de-la-demanda-a-la-transicio-energetica\/"},"modified":"2022-10-27T14:29:27","modified_gmt":"2022-10-27T12:29:27","slug":"el-paper-del-consumidor-i-de-la-gestio-de-la-demanda-a-la-transicio-energetica","status":"publish","type":"product","link":"https:\/\/www.fundacionnaturgy.org\/ca\/publicacion\/el-paper-del-consumidor-i-de-la-gestio-de-la-demanda-a-la-transicio-energetica\/","title":{"rendered":"El paper del consumidor i de la gesti\u00f3 de la demanda a la Transici\u00f3 Energ\u00e8tica"},"content":{"rendered":"<p>[vc_row][vc_column][vc_column_text]La transici\u00f3 energ\u00e8tica \u00e9s una realitat a nivell mundial que s&#8217;ha d&#8217;afrontar de manera urgent per poder assolir els objectius d&#8217;emissions zero plantejats a nivell local i global i garantir, de la mateixa manera, un impacte neutre al medi ambient. Aquesta transici\u00f3 presenta el principal repte de ser capa\u00e7 d&#8217;integrar de manera absoluta les energies renovables i altres tecnologies netes al sector energ\u00e8tic alhora que ha de garantir l&#8217;estabilitat de la xarxa i el subministrament energ\u00e8tic.[\/vc_column_text][\/vc_column][\/vc_row]<\/p>\n","protected":false},"excerpt":{"rendered":"<p>La transici\u00f3 energ\u00e8tica \u00e9s una realitat a nivell mundial que s&#8217;ha d&#8217;afrontar de manera urgent per poder assolir els objectius d&#8217;emissions zero plantejats a nivell local i global i garantir, de la mateixa manera, un impacte neutre al medi ambient. Aquesta transici\u00f3 presenta el principal repte de ser capa\u00e7 d&#8217;integrar de manera absoluta les energies renovables i altres tecnologies netes al sector energ\u00e8tic alhora que ha de garantir l&#8217;estabilitat de la xarxa i el subministrament energ\u00e8tic.<\/p>\n","protected":false},"featured_media":80671,"template":"","meta":{"inline_featured_image":false},"categories":[1204,1205,1208],"content-type":[1166,1169],"product_tag":[],"acf":[],"post_class":["post-83706","product","type-product","status-publish","has-post-thumbnail","hentry","category-innovacio-tecnologica","category-medi-ambient","category-transicio-energetica","content-type-articles-e-informes","content-type-videos","wordpress-sticky"],"_links":{"self":[{"href":"https:\/\/www.fundacionnaturgy.org\/ca\/wp-json\/wp\/v2\/product\/83706"}],"collection":[{"href":"https:\/\/www.fundacionnaturgy.org\/ca\/wp-json\/wp\/v2\/product"}],"about":[{"href":"https:\/\/www.fundacionnaturgy.org\/ca\/wp-json\/wp\/v2\/types\/product"}],"wp:featuredmedia":[{"embeddable":true,"href":"https:\/\/www.fundacionnaturgy.org\/ca\/wp-json\/wp\/v2\/media\/80671"}],"wp:attachment":[{"href":"https:\/\/www.fundacionnaturgy.org\/ca\/wp-json\/wp\/v2\/media?parent=83706"}],"wp:term":[{"taxonomy":"category","embeddable":true,"href":"https:\/\/www.fundacionnaturgy.org\/ca\/wp-json\/wp\/v2\/categories?post=83706"},{"taxonomy":"content-type","embeddable":true,"href":"https:\/\/www.fundacionnaturgy.org\/ca\/wp-json\/wp\/v2\/content-type?post=83706"},{"taxonomy":"product_tag","embeddable":true,"href":"https:\/\/www.fundacionnaturgy.org\/ca\/wp-json\/wp\/v2\/product_tag?post=83706"}],"curies":[{"name":"wp","href":"https:\/\/api.w.org\/{rel}","templated":true}]}}