{"id":83707,"date":"2022-01-28T11:17:06","date_gmt":"2022-01-28T10:17:06","guid":{"rendered":"https:\/\/www.fundacionnaturgy.org\/producto\/ocupacions-que-demanara-el-sector-energetic\/"},"modified":"2022-11-09T15:46:12","modified_gmt":"2022-11-09T14:46:12","slug":"ocupacions-que-demanara-el-sector-energetic","status":"publish","type":"product","link":"https:\/\/www.fundacionnaturgy.org\/ca\/publicacion\/ocupacions-que-demanara-el-sector-energetic\/","title":{"rendered":"Ocupacions que demanar\u00e0 el sector energ\u00e8tic"},"content":{"rendered":"<p>[vc_row][vc_column][vc_column_text]Davant d&#8217;un context com l&#8217;actual, de recuperaci\u00f3 socioecon\u00f2mica, de descarbonitzaci\u00f3 i de digitalitzaci\u00f3 de l&#8217;economia, \u00e9s vital proporcionar un marc de reflexi\u00f3 sobre el futur del treball al sector energ\u00e8tic. Aquest marc ha de donar solucions rellevants i innovadores a, com a m\u00ednim, les preguntes seg\u00fcents: qu\u00e8 passar\u00e0 amb l&#8217;ocupaci\u00f3 en les properes d\u00e8cades? Quines seran les noves professions? Quina formaci\u00f3, compet\u00e8ncies i habilitats seran claus per a les feines del futur? Com es podran beneficiar els col\u00b7lectius m\u00e9s vulnerables de les oportunitats de feina generades per la transici\u00f3 ecol\u00f2gica de l&#8217;economia?[\/vc_column_text][\/vc_column][\/vc_row]<\/p>\n","protected":false},"excerpt":{"rendered":"<p>Davant d&#8217;un context com l&#8217;actual, de recuperaci\u00f3 socioecon\u00f2mica, de descarbonitzaci\u00f3 i de digitalitzaci\u00f3 de l&#8217;economia, \u00e9s vital proporcionar un marc de reflexi\u00f3 sobre el futur del treball al sector energ\u00e8tic. Aquest marc ha de donar solucions rellevants i innovadores a, com a m\u00ednim, les preguntes seg\u00fcents: qu\u00e8 passar\u00e0 amb l&#8217;ocupaci\u00f3 en les properes d\u00e8cades? Quines seran les noves professions? Quina formaci\u00f3, compet\u00e8ncies i habilitats seran claus per a les feines del futur? Com es podran beneficiar els col\u00b7lectius m\u00e9s vulnerables de les oportunitats de feina generades per la transici\u00f3 ecol\u00f2gica de l&#8217;economia?<\/p>\n","protected":false},"featured_media":80595,"template":"","meta":{"inline_featured_image":false},"categories":[1208,1209],"content-type":[1166,1169],"product_tag":[],"acf":[],"post_class":["post-83707","product","type-product","status-publish","has-post-thumbnail","hentry","category-transicio-energetica","category-vulnerabilitat-energetica","content-type-articles-e-informes","content-type-videos","wordpress-sticky"],"_links":{"self":[{"href":"https:\/\/www.fundacionnaturgy.org\/ca\/wp-json\/wp\/v2\/product\/83707"}],"collection":[{"href":"https:\/\/www.fundacionnaturgy.org\/ca\/wp-json\/wp\/v2\/product"}],"about":[{"href":"https:\/\/www.fundacionnaturgy.org\/ca\/wp-json\/wp\/v2\/types\/product"}],"wp:featuredmedia":[{"embeddable":true,"href":"https:\/\/www.fundacionnaturgy.org\/ca\/wp-json\/wp\/v2\/media\/80595"}],"wp:attachment":[{"href":"https:\/\/www.fundacionnaturgy.org\/ca\/wp-json\/wp\/v2\/media?parent=83707"}],"wp:term":[{"taxonomy":"category","embeddable":true,"href":"https:\/\/www.fundacionnaturgy.org\/ca\/wp-json\/wp\/v2\/categories?post=83707"},{"taxonomy":"content-type","embeddable":true,"href":"https:\/\/www.fundacionnaturgy.org\/ca\/wp-json\/wp\/v2\/content-type?post=83707"},{"taxonomy":"product_tag","embeddable":true,"href":"https:\/\/www.fundacionnaturgy.org\/ca\/wp-json\/wp\/v2\/product_tag?post=83707"}],"curies":[{"name":"wp","href":"https:\/\/api.w.org\/{rel}","templated":true}]}}