{"id":83709,"date":"2022-10-03T11:59:20","date_gmt":"2022-10-03T09:59:20","guid":{"rendered":"https:\/\/www.fundacionnaturgy.org\/?post_type=product&#038;p=83709"},"modified":"2022-11-07T13:11:43","modified_gmt":"2022-11-07T12:11:43","slug":"la-reforma-del-mercat-electric","status":"publish","type":"product","link":"https:\/\/www.fundacionnaturgy.org\/ca\/publicacion\/la-reforma-del-mercat-electric\/","title":{"rendered":"La reforma del mercat el\u00e8ctric"},"content":{"rendered":"<p>El m\u00f3n en general i Europa en particular estan immersos en una situaci\u00f3 geopol\u00edtica de gran complexitat que afecta de manera especial el m\u00f3n de l&#8217;energia en tots els seus \u00e0mbits i el sector el\u00e8ctric en particular. Davant d&#8217;aquesta situaci\u00f3, s&#8217;estan plantejant diverses mesures tant pel que fa a la Uni\u00f3 Europea com a Espanya que inclouen una possible reforma del funcionament dels mercats el\u00e8ctrics a Europa.<\/p>\n","protected":false},"excerpt":{"rendered":"<p>El m\u00f3n en general i Europa en particular estan immersos en una situaci\u00f3 geopol\u00edtica de gran complexitat que afecta de manera especial el m\u00f3n de l&#8217;energia en tots els seus \u00e0mbits i el sector el\u00e8ctric en particular. Davant d&#8217;aquesta situaci\u00f3, s&#8217;estan plantejant diverses mesures tant pel que fa a la Uni\u00f3 Europea com a Espanya que inclouen una possible reforma del funcionament dels mercats el\u00e8ctrics a Europa.<\/p>\n","protected":false},"featured_media":83436,"template":"","meta":{"inline_featured_image":false},"categories":[1204,1205,1208],"content-type":[1166,1169],"product_tag":[],"acf":[],"post_class":["post-83709","product","type-product","status-publish","has-post-thumbnail","hentry","category-innovacio-tecnologica","category-medi-ambient","category-transicio-energetica","content-type-articles-e-informes","content-type-videos","wordpress-sticky"],"_links":{"self":[{"href":"https:\/\/www.fundacionnaturgy.org\/ca\/wp-json\/wp\/v2\/product\/83709"}],"collection":[{"href":"https:\/\/www.fundacionnaturgy.org\/ca\/wp-json\/wp\/v2\/product"}],"about":[{"href":"https:\/\/www.fundacionnaturgy.org\/ca\/wp-json\/wp\/v2\/types\/product"}],"wp:featuredmedia":[{"embeddable":true,"href":"https:\/\/www.fundacionnaturgy.org\/ca\/wp-json\/wp\/v2\/media\/83436"}],"wp:attachment":[{"href":"https:\/\/www.fundacionnaturgy.org\/ca\/wp-json\/wp\/v2\/media?parent=83709"}],"wp:term":[{"taxonomy":"category","embeddable":true,"href":"https:\/\/www.fundacionnaturgy.org\/ca\/wp-json\/wp\/v2\/categories?post=83709"},{"taxonomy":"content-type","embeddable":true,"href":"https:\/\/www.fundacionnaturgy.org\/ca\/wp-json\/wp\/v2\/content-type?post=83709"},{"taxonomy":"product_tag","embeddable":true,"href":"https:\/\/www.fundacionnaturgy.org\/ca\/wp-json\/wp\/v2\/product_tag?post=83709"}],"curies":[{"name":"wp","href":"https:\/\/api.w.org\/{rel}","templated":true}]}}