{"id":83710,"date":"2022-10-14T15:26:13","date_gmt":"2022-10-14T13:26:13","guid":{"rendered":"https:\/\/www.fundacionnaturgy.org\/?post_type=product&#038;p=83710"},"modified":"2023-05-19T13:18:07","modified_gmt":"2023-05-19T11:18:07","slug":"video-webinar-converses-emissions-de-gasos-defecte-hivernacle","status":"publish","type":"product","link":"https:\/\/www.fundacionnaturgy.org\/ca\/publicacion\/video-webinar-converses-emissions-de-gasos-defecte-hivernacle\/","title":{"rendered":"Video webinar Converses &#8220;Emissions de gasos d&#8217;efecte hivernacle&#8221;"},"content":{"rendered":"<p>Fundaci\u00f3 Naturgy i el Cap\u00edtol Espanyol del Club de Roma van celebrar el 14 d&#8217;octubre de 2022 el vuit\u00e8 webinar basat en Converses entre experts al voltant de temes d&#8217;actualitat relacionats amb l&#8217;energia, el medi ambient i la sostenibilitat.<\/p>\n","protected":false},"excerpt":{"rendered":"<p>Fundaci\u00f3 Naturgy i el Cap\u00edtol Espanyol del Club de Roma van celebrar el 14 d&#8217;octubre de 2022 el vuit\u00e8 webinar basat en Converses entre experts al voltant de temes d&#8217;actualitat relacionats amb l&#8217;energia, el medi ambient i la sostenibilitat.<\/p>\n","protected":false},"featured_media":83571,"template":"","meta":{"inline_featured_image":false},"categories":[1202,1205,1207,1208],"content-type":[1169],"product_tag":[],"acf":[],"post_class":["post-83710","product","type-product","status-publish","has-post-thumbnail","hentry","category-energies-renovables","category-medi-ambient","category-qualitat-de-laire","category-transicio-energetica","content-type-videos","wordpress-sticky"],"_links":{"self":[{"href":"https:\/\/www.fundacionnaturgy.org\/ca\/wp-json\/wp\/v2\/product\/83710"}],"collection":[{"href":"https:\/\/www.fundacionnaturgy.org\/ca\/wp-json\/wp\/v2\/product"}],"about":[{"href":"https:\/\/www.fundacionnaturgy.org\/ca\/wp-json\/wp\/v2\/types\/product"}],"wp:featuredmedia":[{"embeddable":true,"href":"https:\/\/www.fundacionnaturgy.org\/ca\/wp-json\/wp\/v2\/media\/83571"}],"wp:attachment":[{"href":"https:\/\/www.fundacionnaturgy.org\/ca\/wp-json\/wp\/v2\/media?parent=83710"}],"wp:term":[{"taxonomy":"category","embeddable":true,"href":"https:\/\/www.fundacionnaturgy.org\/ca\/wp-json\/wp\/v2\/categories?post=83710"},{"taxonomy":"content-type","embeddable":true,"href":"https:\/\/www.fundacionnaturgy.org\/ca\/wp-json\/wp\/v2\/content-type?post=83710"},{"taxonomy":"product_tag","embeddable":true,"href":"https:\/\/www.fundacionnaturgy.org\/ca\/wp-json\/wp\/v2\/product_tag?post=83710"}],"curies":[{"name":"wp","href":"https:\/\/api.w.org\/{rel}","templated":true}]}}