{"id":83711,"date":"2022-10-18T13:49:51","date_gmt":"2022-10-18T11:49:51","guid":{"rendered":"https:\/\/www.fundacionnaturgy.org\/?post_type=product&#038;p=83711"},"modified":"2022-10-31T14:57:16","modified_gmt":"2022-10-31T13:57:16","slug":"opcions-per-fer-front-a-la-crisi-dels-preus-de-lenergia-a-europa","status":"publish","type":"product","link":"https:\/\/www.fundacionnaturgy.org\/ca\/publicacion\/opcions-per-fer-front-a-la-crisi-dels-preus-de-lenergia-a-europa\/","title":{"rendered":"Opcions per fer front a la crisi dels preus de l&#8217;energia a Europa"},"content":{"rendered":"<p>El passat dia 30 de setembre del 2022, els Estats membres de la UE van acordar un Reglament sobre una \u201cintervenci\u00f3 d&#8217;emerg\u00e8ncia per fer front als alts preus de l&#8217;energia\u201d que obliga els Estats membres a adoptar mesures espec\u00edfiques respecte a:<br \/>\n(i) la reducci\u00f3 de la demanda d&#8217;electricitat,<br \/>\n(ii) un l\u00edmit obligatori als ingressos de mercat de la generaci\u00f3 inframarginal (l&#8217;objectiu del qual \u00e9s limitar els ingressos \u201cextraordinaris\u201d a la generaci\u00f3 d&#8217;energia renovable o nuclear, que es beneficien dels<br \/>\nalts preus de lelectricitat, per\u00f2 no han de pagar els alts costos del gas), i<br \/>\n(iii) la recuperaci\u00f3 de beneficis de les empreses de petroli i gas.<\/p>\n","protected":false},"excerpt":{"rendered":"<p>El passat dia 30 de setembre del 2022, els Estats membres de la UE van acordar un Reglament sobre una \u201cintervenci\u00f3 d&#8217;emerg\u00e8ncia per fer front als alts preus de l&#8217;energia\u201d que obliga els Estats membres a adoptar mesures espec\u00edfiques respecte a:<br \/>\n(i) la reducci\u00f3 de la demanda d&#8217;electricitat,<br \/>\n(ii) un l\u00edmit obligatori als ingressos de mercat de la generaci\u00f3 inframarginal (l&#8217;objectiu del qual \u00e9s limitar els ingressos \u201cextraordinaris\u201d a la generaci\u00f3 d&#8217;energia renovable o nuclear, que es beneficien dels<br \/>\nalts preus de lelectricitat, per\u00f2 no han de pagar els alts costos del gas), i<br \/>\n(iii) la recuperaci\u00f3 de beneficis de les empreses de petroli i gas.<\/p>\n","protected":false},"featured_media":83617,"template":"","meta":{"inline_featured_image":false},"categories":[1202,1205,1208],"content-type":[1166,1169],"product_tag":[],"acf":[],"post_class":["post-83711","product","type-product","status-publish","has-post-thumbnail","hentry","category-energies-renovables","category-medi-ambient","category-transicio-energetica","content-type-articles-e-informes","content-type-videos","wordpress-sticky"],"_links":{"self":[{"href":"https:\/\/www.fundacionnaturgy.org\/ca\/wp-json\/wp\/v2\/product\/83711"}],"collection":[{"href":"https:\/\/www.fundacionnaturgy.org\/ca\/wp-json\/wp\/v2\/product"}],"about":[{"href":"https:\/\/www.fundacionnaturgy.org\/ca\/wp-json\/wp\/v2\/types\/product"}],"wp:featuredmedia":[{"embeddable":true,"href":"https:\/\/www.fundacionnaturgy.org\/ca\/wp-json\/wp\/v2\/media\/83617"}],"wp:attachment":[{"href":"https:\/\/www.fundacionnaturgy.org\/ca\/wp-json\/wp\/v2\/media?parent=83711"}],"wp:term":[{"taxonomy":"category","embeddable":true,"href":"https:\/\/www.fundacionnaturgy.org\/ca\/wp-json\/wp\/v2\/categories?post=83711"},{"taxonomy":"content-type","embeddable":true,"href":"https:\/\/www.fundacionnaturgy.org\/ca\/wp-json\/wp\/v2\/content-type?post=83711"},{"taxonomy":"product_tag","embeddable":true,"href":"https:\/\/www.fundacionnaturgy.org\/ca\/wp-json\/wp\/v2\/product_tag?post=83711"}],"curies":[{"name":"wp","href":"https:\/\/api.w.org\/{rel}","templated":true}]}}