{"id":83974,"date":"2022-11-25T13:40:27","date_gmt":"2022-11-25T12:40:27","guid":{"rendered":"https:\/\/www.fundacionnaturgy.org\/?post_type=product&#038;p=83974"},"modified":"2023-05-19T13:09:09","modified_gmt":"2023-05-19T11:09:09","slug":"video-webinar-converses-conclusions-cop27-egipte","status":"publish","type":"product","link":"https:\/\/www.fundacionnaturgy.org\/ca\/publicacion\/video-webinar-converses-conclusions-cop27-egipte\/","title":{"rendered":"Video webinar Converses &#8220;Conclusions COP27 Egipte&#8221;"},"content":{"rendered":"<p>Fundaci\u00f3 Naturgy i el Cap\u00edtol Espanyol del Club de Roma van celebrar el 24 de novembre de 2022 el nov\u00e8 webinar basat en Converses entre experts al voltant de temes d&#8217;actualitat relacionats amb l&#8217;energia, el medi ambient i la sostenibilitat.<\/p>\n","protected":false},"excerpt":{"rendered":"<pre id=\"tw-target-text\" class=\"tw-data-text tw-text-large tw-ta\" dir=\"ltr\" data-placeholder=\"Traducci\u00f3n\"><span class=\"Y2IQFc\" lang=\"ca\">Fundaci\u00f3 Naturgy i el Cap\u00edtol Espanyol del Club de Roma van celebrar el 24 de novembre de 2022 el nov\u00e8 webinar basat en Converses entre experts al voltant de temes d'actualitat relacionats amb l'energia, el medi ambient i la sostenibilitat.<\/span><\/pre>\n","protected":false},"featured_media":83887,"template":"","meta":{"inline_featured_image":false},"categories":[1202,1205,1207,1208],"content-type":[1169],"product_tag":[],"acf":[],"post_class":["post-83974","product","type-product","status-publish","has-post-thumbnail","hentry","category-energies-renovables","category-medi-ambient","category-qualitat-de-laire","category-transicio-energetica","content-type-videos","wordpress-sticky"],"_links":{"self":[{"href":"https:\/\/www.fundacionnaturgy.org\/ca\/wp-json\/wp\/v2\/product\/83974"}],"collection":[{"href":"https:\/\/www.fundacionnaturgy.org\/ca\/wp-json\/wp\/v2\/product"}],"about":[{"href":"https:\/\/www.fundacionnaturgy.org\/ca\/wp-json\/wp\/v2\/types\/product"}],"wp:featuredmedia":[{"embeddable":true,"href":"https:\/\/www.fundacionnaturgy.org\/ca\/wp-json\/wp\/v2\/media\/83887"}],"wp:attachment":[{"href":"https:\/\/www.fundacionnaturgy.org\/ca\/wp-json\/wp\/v2\/media?parent=83974"}],"wp:term":[{"taxonomy":"category","embeddable":true,"href":"https:\/\/www.fundacionnaturgy.org\/ca\/wp-json\/wp\/v2\/categories?post=83974"},{"taxonomy":"content-type","embeddable":true,"href":"https:\/\/www.fundacionnaturgy.org\/ca\/wp-json\/wp\/v2\/content-type?post=83974"},{"taxonomy":"product_tag","embeddable":true,"href":"https:\/\/www.fundacionnaturgy.org\/ca\/wp-json\/wp\/v2\/product_tag?post=83974"}],"curies":[{"name":"wp","href":"https:\/\/api.w.org\/{rel}","templated":true}]}}