{"id":84165,"date":"2022-10-28T12:40:19","date_gmt":"2022-10-28T10:40:19","guid":{"rendered":"https:\/\/www.fundacionnaturgy.org\/?post_type=product&#038;p=84165"},"modified":"2023-05-19T13:06:35","modified_gmt":"2023-05-19T11:06:35","slug":"reciclatge-deolica-fotovoltaica-i-bateries-a-europa-una-oportunitat-per-a-la-recuperacio-de-primeres-materies-critiques","status":"publish","type":"product","link":"https:\/\/www.fundacionnaturgy.org\/ca\/publicacion\/reciclatge-deolica-fotovoltaica-i-bateries-a-europa-una-oportunitat-per-a-la-recuperacio-de-primeres-materies-critiques\/","title":{"rendered":"Reciclatge d&#8217;e\u00f2lica, fotovoltaica i bateries a Europa: una oportunitat per a la recuperaci\u00f3 de primeres mat\u00e8ries cr\u00edtiques"},"content":{"rendered":"<p>La tracci\u00f3 del mercat i les previsions del sector s\u00f3n ambicioses en el cas de les energies e\u00f2lica i solar fotovoltaica, mentre que les bateries s\u00f3n clau per a l&#8217;electrificaci\u00f3 de la mobilitat i l&#8217;augment de les renovables al mix energ\u00e8tic.<\/p>\n<p>Tot i aix\u00f2, l&#8217;impuls a la implantaci\u00f3 de les tecnologies d&#8217;energies renovables planteja un problema no resolt: com gestionar la ingent quantitat de residus que es generen quan arriben al final de la seva vida \u00fatil. La gesti\u00f3 d\u201faquests residus \u00e9s motiu d\u201finquietud; ning\u00fa vol veure les pales dels aerogeneradors, els panells de les plantes fotovoltaiques o les bateries als abocadors, sobretot quan es comercialitzen com a ecol\u00f2gics.<\/p>\n","protected":false},"excerpt":{"rendered":"<p>La tracci\u00f3 del mercat i les previsions del sector s\u00f3n ambicioses en el cas de les energies e\u00f2lica i solar fotovoltaica, mentre que les bateries s\u00f3n clau per a l&#8217;electrificaci\u00f3<span class=\"more-link\"><a href=\"https:\/\/www.fundacionnaturgy.org\/ca\/publicacion\/reciclatge-deolica-fotovoltaica-i-bateries-a-europa-una-oportunitat-per-a-la-recuperacio-de-primeres-materies-critiques\/\">Llegir m\u00e9s<\/a><\/span><\/p>\n","protected":false},"featured_media":83733,"template":"","meta":{"inline_featured_image":false},"categories":[1202,1205,1208],"content-type":[1166,1169],"product_tag":[],"acf":[],"post_class":["post-84165","product","type-product","status-publish","has-post-thumbnail","hentry","category-energies-renovables","category-medi-ambient","category-transicio-energetica","content-type-articles-e-informes","content-type-videos","wordpress-sticky"],"_links":{"self":[{"href":"https:\/\/www.fundacionnaturgy.org\/ca\/wp-json\/wp\/v2\/product\/84165"}],"collection":[{"href":"https:\/\/www.fundacionnaturgy.org\/ca\/wp-json\/wp\/v2\/product"}],"about":[{"href":"https:\/\/www.fundacionnaturgy.org\/ca\/wp-json\/wp\/v2\/types\/product"}],"wp:featuredmedia":[{"embeddable":true,"href":"https:\/\/www.fundacionnaturgy.org\/ca\/wp-json\/wp\/v2\/media\/83733"}],"wp:attachment":[{"href":"https:\/\/www.fundacionnaturgy.org\/ca\/wp-json\/wp\/v2\/media?parent=84165"}],"wp:term":[{"taxonomy":"category","embeddable":true,"href":"https:\/\/www.fundacionnaturgy.org\/ca\/wp-json\/wp\/v2\/categories?post=84165"},{"taxonomy":"content-type","embeddable":true,"href":"https:\/\/www.fundacionnaturgy.org\/ca\/wp-json\/wp\/v2\/content-type?post=84165"},{"taxonomy":"product_tag","embeddable":true,"href":"https:\/\/www.fundacionnaturgy.org\/ca\/wp-json\/wp\/v2\/product_tag?post=84165"}],"curies":[{"name":"wp","href":"https:\/\/api.w.org\/{rel}","templated":true}]}}