{"id":84885,"date":"2023-02-04T11:38:17","date_gmt":"2023-02-04T10:38:17","guid":{"rendered":"https:\/\/www.fundacionnaturgy.org\/?post_type=product&#038;p=84885"},"modified":"2023-05-19T13:09:23","modified_gmt":"2023-05-19T11:09:23","slug":"webinar-iniciatives-per-pal%c2%b7liar-la-pobresa-energetica-en-el-context-europeu-projecte-europeu-socialwatt-i-projecte-epiu-getafe","status":"publish","type":"product","link":"https:\/\/www.fundacionnaturgy.org\/ca\/publicacion\/webinar-iniciatives-per-pal%c2%b7liar-la-pobresa-energetica-en-el-context-europeu-projecte-europeu-socialwatt-i-projecte-epiu-getafe\/","title":{"rendered":"Webinar \u00abIniciatives per pal\u00b7liar la pobresa energ\u00e8tica en el context europeu. Projecte Europeu SocialWatt i Projecte EPIU Getafe\u00bb"},"content":{"rendered":"<p>Fundaci\u00f3 Naturgy va celebrar el 3 de febrer de 2023 el webinar \u201cIniciatives per pal\u00b7liar la pobresa energ\u00e8tica en el context europeu\u201d, per tal de compartir els aprenentatges obtinguts en el marc dels projectes europeus SocialWatt i EPIU Getafe, en qu\u00e8 la Fundaci\u00f3 participa. A m\u00e9s de posar en context la situaci\u00f3 actual de pobresa energ\u00e8tica tant a Europa com a Espanya, vam tenir l&#8217;oportunitat de repassar l&#8217;actualitat normativa i con\u00e8ixer casos pr\u00e0ctics d&#8217;\u00e8xit duts a terme a tots dos projectes.<\/p>\n","protected":false},"excerpt":{"rendered":"<p>Fundaci\u00f3 Naturgy va celebrar el 3 de febrer de 2023 el webinar \u201cIniciatives per pal\u00b7liar la pobresa energ\u00e8tica en el context europeu\u201d, per tal de compartir els aprenentatges obtinguts en el marc dels projectes europeus SocialWatt i EPIU Getafe, en qu\u00e8 la Fundaci\u00f3 participa. A m\u00e9s de posar en context la situaci\u00f3 actual de pobresa energ\u00e8tica tant a Europa com a Espanya, vam tenir l&#8217;oportunitat de repassar l&#8217;actualitat normativa i con\u00e8ixer casos pr\u00e0ctics d&#8217;\u00e8xit duts a terme a tots dos projectes.<\/p>\n","protected":false},"featured_media":84248,"template":"","meta":{"inline_featured_image":false},"categories":[1209],"content-type":[1170],"product_tag":[],"acf":[],"post_class":["post-84885","product","type-product","status-publish","has-post-thumbnail","hentry","category-vulnerabilitat-energetica","content-type-ponencies","wordpress-sticky"],"_links":{"self":[{"href":"https:\/\/www.fundacionnaturgy.org\/ca\/wp-json\/wp\/v2\/product\/84885"}],"collection":[{"href":"https:\/\/www.fundacionnaturgy.org\/ca\/wp-json\/wp\/v2\/product"}],"about":[{"href":"https:\/\/www.fundacionnaturgy.org\/ca\/wp-json\/wp\/v2\/types\/product"}],"wp:featuredmedia":[{"embeddable":true,"href":"https:\/\/www.fundacionnaturgy.org\/ca\/wp-json\/wp\/v2\/media\/84248"}],"wp:attachment":[{"href":"https:\/\/www.fundacionnaturgy.org\/ca\/wp-json\/wp\/v2\/media?parent=84885"}],"wp:term":[{"taxonomy":"category","embeddable":true,"href":"https:\/\/www.fundacionnaturgy.org\/ca\/wp-json\/wp\/v2\/categories?post=84885"},{"taxonomy":"content-type","embeddable":true,"href":"https:\/\/www.fundacionnaturgy.org\/ca\/wp-json\/wp\/v2\/content-type?post=84885"},{"taxonomy":"product_tag","embeddable":true,"href":"https:\/\/www.fundacionnaturgy.org\/ca\/wp-json\/wp\/v2\/product_tag?post=84885"}],"curies":[{"name":"wp","href":"https:\/\/api.w.org\/{rel}","templated":true}]}}