{"id":84908,"date":"2023-02-09T09:27:40","date_gmt":"2023-02-09T08:27:40","guid":{"rendered":"https:\/\/www.fundacionnaturgy.org\/?post_type=product&#038;p=84908"},"modified":"2023-05-26T10:58:45","modified_gmt":"2023-05-26T08:58:45","slug":"video-webinar-la-proposta-espanyola-per-a-la-reforma-del-mercat-electric-a-la-ue","status":"publish","type":"product","link":"https:\/\/www.fundacionnaturgy.org\/ca\/publicacion\/video-webinar-la-proposta-espanyola-per-a-la-reforma-del-mercat-electric-a-la-ue\/","title":{"rendered":"Webinar \u00abLa proposta espanyola per a la reforma del mercat el\u00e8ctric a la UE\u00bb"},"content":{"rendered":"<p>Fundaci\u00f3 Naturgy va organitzar el passat 9 de febrer del 2023 una jornada en qu\u00e8 Mar\u00eda Fern\u00e1ndez i Luis Atienza van analitzar la proposta espanyola per a la reforma del mercat el\u00e8ctric a Europa. Despr\u00e9s del per\u00edode de consulta p\u00fablica llan\u00e7ada als estats membres a finals del mes de gener, la Comissi\u00f3 Europea t\u00e9 l&#8217;objectiu de plantejar el pla de reforma d&#8217;aquest mercat.<\/p>\n","protected":false},"excerpt":{"rendered":"<p>Fundaci\u00f3 Naturgy va organitzar el passat 9 de febrer del 2023 una jornada en qu\u00e8 Mar\u00eda Fern\u00e1ndez i Luis Atienza van analitzar la proposta espanyola per a la reforma del mercat el\u00e8ctric a Europa. Despr\u00e9s del per\u00edode de consulta p\u00fablica llan\u00e7ada als estats membres a finals del mes de gener, la Comissi\u00f3 Europea t\u00e9 l&#8217;objectiu de plantejar el pla de reforma d&#8217;aquest mercat.<\/p>\n","protected":false},"featured_media":84557,"template":"","meta":{"inline_featured_image":false},"categories":[1205,1208],"content-type":[1169],"product_tag":[],"acf":[],"post_class":["post-84908","product","type-product","status-publish","has-post-thumbnail","hentry","category-medi-ambient","category-transicio-energetica","content-type-videos","wordpress-sticky"],"_links":{"self":[{"href":"https:\/\/www.fundacionnaturgy.org\/ca\/wp-json\/wp\/v2\/product\/84908"}],"collection":[{"href":"https:\/\/www.fundacionnaturgy.org\/ca\/wp-json\/wp\/v2\/product"}],"about":[{"href":"https:\/\/www.fundacionnaturgy.org\/ca\/wp-json\/wp\/v2\/types\/product"}],"wp:featuredmedia":[{"embeddable":true,"href":"https:\/\/www.fundacionnaturgy.org\/ca\/wp-json\/wp\/v2\/media\/84557"}],"wp:attachment":[{"href":"https:\/\/www.fundacionnaturgy.org\/ca\/wp-json\/wp\/v2\/media?parent=84908"}],"wp:term":[{"taxonomy":"category","embeddable":true,"href":"https:\/\/www.fundacionnaturgy.org\/ca\/wp-json\/wp\/v2\/categories?post=84908"},{"taxonomy":"content-type","embeddable":true,"href":"https:\/\/www.fundacionnaturgy.org\/ca\/wp-json\/wp\/v2\/content-type?post=84908"},{"taxonomy":"product_tag","embeddable":true,"href":"https:\/\/www.fundacionnaturgy.org\/ca\/wp-json\/wp\/v2\/product_tag?post=84908"}],"curies":[{"name":"wp","href":"https:\/\/api.w.org\/{rel}","templated":true}]}}